{"id":3702,"date":"2022-09-25T16:31:57","date_gmt":"2022-09-25T16:31:57","guid":{"rendered":"https:\/\/acostormbrixx.ca\/a-propos-de-aco-canada\/"},"modified":"2022-09-26T17:46:38","modified_gmt":"2022-09-26T17:46:38","slug":"a-propos-de-aco-canada","status":"publish","type":"page","link":"https:\/\/acostormbrixx.ca\/fr\/a-propos-de-aco-canada\/","title":{"rendered":"\u00c0 propos d&rsquo;ACO USA"},"content":{"rendered":"<p>[vc_row][vc_column width=\u00a0\u00bb1\/2&Prime;][vc_column_text]<\/p>\n<h1 class=\" header header--first-headline\">ACO au Canada<\/h1>\n<h4 class=\" header\">Le centre de vente et de distribution d&rsquo;ACO, situ\u00e9 \u00e0 Oakville, en Ontario, dessert le Canada avec une repr\u00e9sentation commerciale dans tout le pays.<\/h4>\n<p>[\/vc_column_text][vc_column_text]ACO Systems, Ltd. fait partie du groupe ACO, une entreprise multinationale sp\u00e9cialis\u00e9e dans les produits destin\u00e9s aux secteurs de la construction et du b\u00e2timent.<\/p>\n<p>ACO a introduit le concept des syst\u00e8mes de drainage lin\u00e9aire de surface en Am\u00e9rique du Nord il y a plus de 35 ans. Aujourd&rsquo;hui, ACO Systems, Ltd. est une soci\u00e9t\u00e9 de vente et de marketing qui a acc\u00e8s aux bases de fabrication solides d&rsquo;ACO dans le monde entier. Fond\u00e9e en 2006, ACO Canada utilise une vari\u00e9t\u00e9 de mat\u00e9riaux pour sa vaste gamme de produits de drainage des eaux de surface, de s\u00e9paration huile-eau, de drainage des b\u00e2timents et de produits r\u00e9sidentiels.<\/p>\n<p>ACO Canada offre un soutien sur place pour tous les aspects de l&rsquo;entreprise &#8211; des conseils sur les sp\u00e9cifications \u00e0 l&rsquo;expertise d&rsquo;installation. Gr\u00e2ce \u00e0 des programmes de formation sp\u00e9cialis\u00e9s, l&rsquo;ACO est reconnue pour offrir aux architectes et aux ing\u00e9nieurs une formation sur le drainage de surface.<\/p>\n<p>En tant que leader du march\u00e9, ACO innove constamment pour proposer de nouveaux produits sur le march\u00e9 canadien. ACO Canada travaille en collaboration avec le d\u00e9partement R&amp;D du groupe ACO, qui est responsable du d\u00e9veloppement continu, de la qualit\u00e9 et des tests, afin de s&rsquo;assurer que les produits ACO continuent de dominer le march\u00e9.<\/p>\n<p>Aujourd&rsquo;hui, ACO fabrique une gamme de produits de drainage et d&rsquo;am\u00e9nagement paysager en b\u00e9ton polym\u00e8re, en acier inoxydable, en acier doux, en fonte ductile et en plastique moul\u00e9. Ces divers types de mat\u00e9riaux sont utilis\u00e9s pour produire des composants destin\u00e9s \u00e0 toutes les applications &#8211; construction commerciale et r\u00e9sidentielle, mais aussi \u00e9lectrom\u00e9canique et protection de l&rsquo;environnement.[\/vc_column_text][\/vc_column][vc_column width=\u00a0\u00bb1\/2&Prime; css=\u00a0\u00bb.vc_custom_1647423734341{padding-top: 60px !important;}\u00a0\u00bb][vc_single_image image=\u00a0\u00bb2998&Prime; img_size=\u00a0\u00bbfull\u00a0\u00bb alignment=\u00a0\u00bbcenter\u00a0\u00bb el_class=\u00a0\u00bbabout-img-section\u00a0\u00bb][\/vc_column][\/vc_row]<\/p>\n","protected":false},"excerpt":{"rendered":"<p>[vc_row][vc_column width=\u00a0\u00bb1\/2&Prime;][vc_column_text] ACO au Canada Le centre de vente et de distribution d&rsquo;ACO, situ\u00e9 \u00e0 Oakville, en Ontario, dessert le Canada avec une repr\u00e9sentation commerciale dans tout le pays. [\/vc_column_text][vc_column_text]ACO Systems, Ltd. fait partie du groupe ACO, une entreprise multinationale sp\u00e9cialis\u00e9e dans les produits destin\u00e9s aux secteurs de la construction et du b\u00e2timent. ACO a [&hellip;]<\/p>\n","protected":false},"author":8,"featured_media":0,"parent":0,"menu_order":0,"comment_status":"closed","ping_status":"closed","template":"","meta":{"footnotes":"","_links_to":"","_links_to_target":""},"class_list":["post-3702","page","type-page","status-publish","hentry"],"acf":[],"yoast_head":"<!-- This site is optimized with the Yoast SEO plugin v25.0 - https:\/\/yoast.com\/wordpress\/plugins\/seo\/ -->\n<title>\u00c0 propos d&#039;ACO USA - ACO StormBrixx. Surface Stormwater Detention and Infiltration<\/title>\n<meta name=\"robots\" content=\"index, follow, max-snippet:-1, max-image-preview:large, max-video-preview:-1\" \/>\n<link rel=\"canonical\" href=\"https:\/\/acostormbrixx.ca\/fr\/a-propos-de-aco-canada\/\" \/>\n<meta property=\"og:locale\" content=\"fr_FR\" \/>\n<meta property=\"og:type\" content=\"article\" \/>\n<meta property=\"og:title\" content=\"\u00c0 propos d&#039;ACO USA - ACO StormBrixx. Surface Stormwater Detention and Infiltration\" \/>\n<meta property=\"og:description\" content=\"[vc_row][vc_column width=\u00a0\u00bb1\/2&Prime;][vc_column_text] ACO au Canada Le centre de vente et de distribution d&rsquo;ACO, situ\u00e9 \u00e0 Oakville, en Ontario, dessert le Canada avec une repr\u00e9sentation commerciale dans tout le pays. [\/vc_column_text][vc_column_text]ACO Systems, Ltd. fait partie du groupe ACO, une entreprise multinationale sp\u00e9cialis\u00e9e dans les produits destin\u00e9s aux secteurs de la construction et du b\u00e2timent. ACO a [&hellip;]\" \/>\n<meta property=\"og:url\" content=\"https:\/\/acostormbrixx.ca\/fr\/a-propos-de-aco-canada\/\" \/>\n<meta property=\"og:site_name\" content=\"ACO StormBrixx. Surface Stormwater Detention and Infiltration\" \/>\n<meta property=\"article:modified_time\" content=\"2022-09-26T17:46:38+00:00\" \/>\n<meta name=\"twitter:card\" content=\"summary_large_image\" \/>\n<meta name=\"twitter:label1\" content=\"Dur\u00e9e de lecture estim\u00e9e\" \/>\n\t<meta name=\"twitter:data1\" content=\"2 minutes\" \/>\n<script type=\"application\/ld+json\" class=\"yoast-schema-graph\">{\"@context\":\"https:\/\/schema.org\",\"@graph\":[{\"@type\":\"WebPage\",\"@id\":\"https:\/\/acostormbrixx.ca\/fr\/a-propos-de-aco-canada\/\",\"url\":\"https:\/\/acostormbrixx.ca\/fr\/a-propos-de-aco-canada\/\",\"name\":\"\u00c0 propos d'ACO USA - ACO StormBrixx. Surface Stormwater Detention and Infiltration\",\"isPartOf\":{\"@id\":\"https:\/\/acostormbrixx.ca\/fr\/#website\"},\"datePublished\":\"2022-09-25T16:31:57+00:00\",\"dateModified\":\"2022-09-26T17:46:38+00:00\",\"breadcrumb\":{\"@id\":\"https:\/\/acostormbrixx.ca\/fr\/a-propos-de-aco-canada\/#breadcrumb\"},\"inLanguage\":\"fr-FR\",\"potentialAction\":[{\"@type\":\"ReadAction\",\"target\":[\"https:\/\/acostormbrixx.ca\/fr\/a-propos-de-aco-canada\/\"]}]},{\"@type\":\"BreadcrumbList\",\"@id\":\"https:\/\/acostormbrixx.ca\/fr\/a-propos-de-aco-canada\/#breadcrumb\",\"itemListElement\":[{\"@type\":\"ListItem\",\"position\":1,\"name\":\"Home\",\"item\":\"https:\/\/acostormbrixx.ca\/fr\/\"},{\"@type\":\"ListItem\",\"position\":2,\"name\":\"\u00c0 propos d&rsquo;ACO USA\"}]},{\"@type\":\"WebSite\",\"@id\":\"https:\/\/acostormbrixx.ca\/fr\/#website\",\"url\":\"https:\/\/acostormbrixx.ca\/fr\/\",\"name\":\"ACO StormBrixx. Surface Stormwater Detention and Infiltration\",\"description\":\"Surface Stormwater Detention and Infiltration\",\"potentialAction\":[{\"@type\":\"SearchAction\",\"target\":{\"@type\":\"EntryPoint\",\"urlTemplate\":\"https:\/\/acostormbrixx.ca\/fr\/?s={search_term_string}\"},\"query-input\":{\"@type\":\"PropertyValueSpecification\",\"valueRequired\":true,\"valueName\":\"search_term_string\"}}],\"inLanguage\":\"fr-FR\"}]}<\/script>\n<!-- \/ Yoast SEO plugin. -->","yoast_head_json":{"title":"\u00c0 propos d'ACO USA - ACO StormBrixx. Surface Stormwater Detention and Infiltration","robots":{"index":"index","follow":"follow","max-snippet":"max-snippet:-1","max-image-preview":"max-image-preview:large","max-video-preview":"max-video-preview:-1"},"canonical":"https:\/\/acostormbrixx.ca\/fr\/a-propos-de-aco-canada\/","og_locale":"fr_FR","og_type":"article","og_title":"\u00c0 propos d'ACO USA - ACO StormBrixx. Surface Stormwater Detention and Infiltration","og_description":"[vc_row][vc_column width=\u00a0\u00bb1\/2&Prime;][vc_column_text] ACO au Canada Le centre de vente et de distribution d&rsquo;ACO, situ\u00e9 \u00e0 Oakville, en Ontario, dessert le Canada avec une repr\u00e9sentation commerciale dans tout le pays. [\/vc_column_text][vc_column_text]ACO Systems, Ltd. fait partie du groupe ACO, une entreprise multinationale sp\u00e9cialis\u00e9e dans les produits destin\u00e9s aux secteurs de la construction et du b\u00e2timent. ACO a [&hellip;]","og_url":"https:\/\/acostormbrixx.ca\/fr\/a-propos-de-aco-canada\/","og_site_name":"ACO StormBrixx. Surface Stormwater Detention and Infiltration","article_modified_time":"2022-09-26T17:46:38+00:00","twitter_card":"summary_large_image","twitter_misc":{"Dur\u00e9e de lecture estim\u00e9e":"2 minutes"},"schema":{"@context":"https:\/\/schema.org","@graph":[{"@type":"WebPage","@id":"https:\/\/acostormbrixx.ca\/fr\/a-propos-de-aco-canada\/","url":"https:\/\/acostormbrixx.ca\/fr\/a-propos-de-aco-canada\/","name":"\u00c0 propos d'ACO USA - ACO StormBrixx. Surface Stormwater Detention and Infiltration","isPartOf":{"@id":"https:\/\/acostormbrixx.ca\/fr\/#website"},"datePublished":"2022-09-25T16:31:57+00:00","dateModified":"2022-09-26T17:46:38+00:00","breadcrumb":{"@id":"https:\/\/acostormbrixx.ca\/fr\/a-propos-de-aco-canada\/#breadcrumb"},"inLanguage":"fr-FR","potentialAction":[{"@type":"ReadAction","target":["https:\/\/acostormbrixx.ca\/fr\/a-propos-de-aco-canada\/"]}]},{"@type":"BreadcrumbList","@id":"https:\/\/acostormbrixx.ca\/fr\/a-propos-de-aco-canada\/#breadcrumb","itemListElement":[{"@type":"ListItem","position":1,"name":"Home","item":"https:\/\/acostormbrixx.ca\/fr\/"},{"@type":"ListItem","position":2,"name":"\u00c0 propos d&rsquo;ACO USA"}]},{"@type":"WebSite","@id":"https:\/\/acostormbrixx.ca\/fr\/#website","url":"https:\/\/acostormbrixx.ca\/fr\/","name":"ACO StormBrixx. Surface Stormwater Detention and Infiltration","description":"Surface Stormwater Detention and Infiltration","potentialAction":[{"@type":"SearchAction","target":{"@type":"EntryPoint","urlTemplate":"https:\/\/acostormbrixx.ca\/fr\/?s={search_term_string}"},"query-input":{"@type":"PropertyValueSpecification","valueRequired":true,"valueName":"search_term_string"}}],"inLanguage":"fr-FR"}]}},"_links":{"self":[{"href":"https:\/\/acostormbrixx.ca\/fr\/wp-json\/wp\/v2\/pages\/3702","targetHints":{"allow":["GET"]}}],"collection":[{"href":"https:\/\/acostormbrixx.ca\/fr\/wp-json\/wp\/v2\/pages"}],"about":[{"href":"https:\/\/acostormbrixx.ca\/fr\/wp-json\/wp\/v2\/types\/page"}],"author":[{"embeddable":true,"href":"https:\/\/acostormbrixx.ca\/fr\/wp-json\/wp\/v2\/users\/8"}],"replies":[{"embeddable":true,"href":"https:\/\/acostormbrixx.ca\/fr\/wp-json\/wp\/v2\/comments?post=3702"}],"version-history":[{"count":0,"href":"https:\/\/acostormbrixx.ca\/fr\/wp-json\/wp\/v2\/pages\/3702\/revisions"}],"wp:attachment":[{"href":"https:\/\/acostormbrixx.ca\/fr\/wp-json\/wp\/v2\/media?parent=3702"}],"curies":[{"name":"wp","href":"https:\/\/api.w.org\/{rel}","templated":true}]}}