{"id":3648,"date":"2022-09-25T12:17:09","date_gmt":"2022-09-25T12:17:09","guid":{"rendered":"https:\/\/acostormbrixx.ca\/support-produit\/transport-logistique\/"},"modified":"2022-09-26T04:15:54","modified_gmt":"2022-09-26T04:15:54","slug":"transport-logistique","status":"publish","type":"page","link":"https:\/\/acostormbrixx.ca\/fr\/support-produit\/transport-logistique\/","title":{"rendered":"Consid\u00e9rations relatives au transport et \u00e0 la logistique"},"content":{"rendered":"<p>[vc_row][vc_column][vc_empty_space height=\u00a0\u00bb25px\u00a0\u00bb][vc_custom_heading text=\u00a0\u00bbLogistique optimis\u00e9e et \u00e9conomies avec ACO StormBrixx\u00a0\u00bb font_container=\u00a0\u00bbtag:h1|text_align:left\u00a0\u00bb use_theme_fonts=\u00a0\u00bbyes\u00a0\u00bb][\/vc_column][\/vc_row][vc_row][vc_column width=\u00a0\u00bb3\/5&Prime;][vc_column_text]<strong>Transport et logistique<\/strong><\/p>\n<p>La conception empilable des StormBrixx, o\u00f9 les unit\u00e9s de base s&#8217;embo\u00eetent les unes dans les autres, signifie que moins de v\u00e9hicules sont n\u00e9cessaires pour le transport sur le site par rapport aux autres fabricants de r\u00e9servoirs d&rsquo;eaux pluviales. Les panneaux lat\u00e9raux et autres accessoires s&#8217;embo\u00eetent \u00e9galement les uns dans les autres.<\/p>\n<p>Pour chaque livraison de StormBrixx ACO, jusqu&rsquo;\u00e0 4 camions de produits concurrents peuvent \u00eatre n\u00e9cessaires, ce qui rend StormBrixx environ 75 % plus efficace en mati\u00e8re de livraison.<\/p>\n<ul>\n<li>StormBrixx SD &#8211; 15 825ft\u00b3 [448m\u00b3] par camion-benne de 53ft<\/li>\n<li>StormBrixx HD &#8211; 14 557 pi\u00b3 [412m\u00b3] par camion-benne de 53 pi<\/li>\n<\/ul>\n<p>La logistique des livraisons, o\u00f9 plusieurs camions doivent se garer en attendant le d\u00e9chargement, est r\u00e9duite.[\/vc_column_text][vc_column_text css=\u00a0\u00bb.vc_custom_1560323460494{margin-top: 15px !important;}\u00a0\u00bb]<strong>\u00c9conomies d&rsquo;environnement<\/strong><\/p>\n<p>Le fait de r\u00e9duire le nombre de v\u00e9hicules transportant les StormBrixx d&rsquo;ACO permet de r\u00e9duire les \u00e9missions de CO2 et, compte tenu de la tendance \u00e0 la mise en place de p\u00e9ages urbains dans les zones centrales, la r\u00e9duction du nombre de livraisons permet de r\u00e9aliser des \u00e9conomies.[\/vc_column_text][\/vc_column][vc_column width=\u00a0\u00bb2\/5&Prime;][vc_single_image image=\u00a0\u00bb1748&Prime; img_size=\u00a0\u00bbfull\u00a0\u00bb][\/vc_column][\/vc_row][vc_row][vc_column][vc_single_image image=\u00a0\u00bb1750&Prime; img_size=\u00a0\u00bbfull\u00a0\u00bb][vc_column_text]<strong>Exemple:<\/strong> un volume de stockage de 9 900 pi<sup>3<\/sup> (280 m<sup>3<\/sup>) est requis pour le projet A. \u00c0 l&rsquo;aide de StormBrixx, les besoins du projet peuvent \u00eatre transport\u00e9s sur un seul v\u00e9hicule, tandis que jusqu&rsquo;\u00e0 quatre v\u00e9hicules peuvent \u00eatre n\u00e9cessaires pour d&rsquo;autres syst\u00e8mes comparables.[\/vc_column_text][\/vc_column][\/vc_row][vc_row][vc_column width=\u00a0\u00bb1\/2&Prime;][vc_column_text css=\u00a0\u00bb.vc_custom_1560385413898{margin-top: 15px !important;}\u00a0\u00bb]<strong>Empilage des accessoires<\/strong><\/p>\n<p>Les panneaux lat\u00e9raux, les couvertures sup\u00e9rieures et les autres accessoires sont \u00e9galement empilables pour faciliter la livraison et le stockage.[\/vc_column_text][\/vc_column][vc_column width=\u00a0\u00bb1\/4&Prime;][vc_single_image image=\u00a0\u00bb1332&Prime; img_size=\u00a0\u00bbfull\u00a0\u00bb][\/vc_column][vc_column width=\u00a0\u00bb1\/4&Prime;][vc_single_image image=\u00a0\u00bb1334&Prime; img_size=\u00a0\u00bbfull\u00a0\u00bb][\/vc_column][\/vc_row][vc_row][vc_column width=\u00a0\u00bb1\/2&Prime;][vc_single_image image=\u00a0\u00bb1336&Prime; img_size=\u00a0\u00bbfull\u00a0\u00bb][\/vc_column][vc_column width=\u00a0\u00bb1\/2&Prime;][vc_column_text css=\u00a0\u00bb.vc_custom_1560385973446{margin-top: 15px !important;}\u00a0\u00bb]<strong>Stockage sur site et manutention r\u00e9duite<br \/>\n<\/strong>StormBrixx peut \u00eatre facilement d\u00e9charg\u00e9 du v\u00e9hicule et stock\u00e9 sur site dans la m\u00eame disposition empilable. Gr\u00e2ce \u00e0 leur disposition compacte par rapport aux autres unit\u00e9s g\u00e9o-cellulaires, les StormBrixx peuvent \u00eatre stock\u00e9s plus discr\u00e8tement et r\u00e9duisent consid\u00e9rablement la double manutention.<\/p>\n<p>Cela permet aux chantiers de gagner du temps et de l&rsquo;argent, car les d\u00e9placements sur le site sont r\u00e9duits jusqu&rsquo;\u00e0 75 %.<\/p>\n<p><strong>\u00c9conomies de temps et de co\u00fbts<\/strong><br \/>\nTous les avantages d&rsquo;une logistique plus facile, vers un site et sur le site, avec moins de manutention n\u00e9cessaire, s&rsquo;ajoutent aux \u00e9conomies de temps et de co\u00fbts pour l&rsquo;installateur afin de lui permettre de se consacrer au projet.[\/vc_column_text][\/vc_column][\/vc_row]<\/p>\n","protected":false},"excerpt":{"rendered":"<p>[vc_row][vc_column][vc_empty_space height=\u00a0\u00bb25px\u00a0\u00bb][vc_custom_heading text=\u00a0\u00bbLogistique optimis\u00e9e et \u00e9conomies avec ACO StormBrixx\u00a0\u00bb font_container=\u00a0\u00bbtag:h1|text_align:left\u00a0\u00bb use_theme_fonts=\u00a0\u00bbyes\u00a0\u00bb][\/vc_column][\/vc_row][vc_row][vc_column width=\u00a0\u00bb3\/5&Prime;][vc_column_text]Transport et logistique La conception empilable des StormBrixx, o\u00f9 les unit\u00e9s de base s&#8217;embo\u00eetent les unes dans les autres, signifie que moins de v\u00e9hicules sont n\u00e9cessaires pour le transport sur le site par rapport aux autres fabricants de r\u00e9servoirs d&rsquo;eaux pluviales. Les panneaux lat\u00e9raux [&hellip;]<\/p>\n","protected":false},"author":5,"featured_media":0,"parent":3582,"menu_order":0,"comment_status":"closed","ping_status":"closed","template":"","meta":{"footnotes":"","_links_to":"","_links_to_target":""},"class_list":["post-3648","page","type-page","status-publish","hentry"],"acf":[],"yoast_head":"<!-- This site is optimized with the Yoast SEO plugin v25.0 - https:\/\/yoast.com\/wordpress\/plugins\/seo\/ -->\n<title>Consid\u00e9rations relatives au transport et \u00e0 la logistique - ACO StormBrixx. Surface Stormwater Detention and Infiltration<\/title>\n<meta name=\"robots\" content=\"index, follow, max-snippet:-1, max-image-preview:large, max-video-preview:-1\" \/>\n<link rel=\"canonical\" href=\"https:\/\/acostormbrixx.ca\/fr\/support-produit\/transport-logistique\/\" \/>\n<meta property=\"og:locale\" content=\"fr_FR\" \/>\n<meta property=\"og:type\" content=\"article\" \/>\n<meta property=\"og:title\" content=\"Consid\u00e9rations relatives au transport et \u00e0 la logistique - ACO StormBrixx. Surface Stormwater Detention and Infiltration\" \/>\n<meta property=\"og:description\" content=\"[vc_row][vc_column][vc_empty_space height=\u00a0\u00bb25px\u00a0\u00bb][vc_custom_heading text=\u00a0\u00bbLogistique optimis\u00e9e et \u00e9conomies avec ACO StormBrixx\u00a0\u00bb font_container=\u00a0\u00bbtag:h1|text_align:left\u00a0\u00bb use_theme_fonts=\u00a0\u00bbyes\u00a0\u00bb][\/vc_column][\/vc_row][vc_row][vc_column width=\u00a0\u00bb3\/5&Prime;][vc_column_text]Transport et logistique La conception empilable des StormBrixx, o\u00f9 les unit\u00e9s de base s&#8217;embo\u00eetent les unes dans les autres, signifie que moins de v\u00e9hicules sont n\u00e9cessaires pour le transport sur le site par rapport aux autres fabricants de r\u00e9servoirs d&rsquo;eaux pluviales. Les panneaux lat\u00e9raux [&hellip;]\" \/>\n<meta property=\"og:url\" content=\"https:\/\/acostormbrixx.ca\/fr\/support-produit\/transport-logistique\/\" \/>\n<meta property=\"og:site_name\" content=\"ACO StormBrixx. Surface Stormwater Detention and Infiltration\" \/>\n<meta property=\"article:modified_time\" content=\"2022-09-26T04:15:54+00:00\" \/>\n<meta name=\"twitter:card\" content=\"summary_large_image\" \/>\n<meta name=\"twitter:label1\" content=\"Dur\u00e9e de lecture estim\u00e9e\" \/>\n\t<meta name=\"twitter:data1\" content=\"3 minutes\" \/>\n<script type=\"application\/ld+json\" class=\"yoast-schema-graph\">{\"@context\":\"https:\/\/schema.org\",\"@graph\":[{\"@type\":\"WebPage\",\"@id\":\"https:\/\/acostormbrixx.ca\/fr\/support-produit\/transport-logistique\/\",\"url\":\"https:\/\/acostormbrixx.ca\/fr\/support-produit\/transport-logistique\/\",\"name\":\"Consid\u00e9rations relatives au transport et \u00e0 la logistique - ACO StormBrixx. Surface Stormwater Detention and Infiltration\",\"isPartOf\":{\"@id\":\"https:\/\/acostormbrixx.ca\/fr\/#website\"},\"datePublished\":\"2022-09-25T12:17:09+00:00\",\"dateModified\":\"2022-09-26T04:15:54+00:00\",\"breadcrumb\":{\"@id\":\"https:\/\/acostormbrixx.ca\/fr\/support-produit\/transport-logistique\/#breadcrumb\"},\"inLanguage\":\"fr-FR\",\"potentialAction\":[{\"@type\":\"ReadAction\",\"target\":[\"https:\/\/acostormbrixx.ca\/fr\/support-produit\/transport-logistique\/\"]}]},{\"@type\":\"BreadcrumbList\",\"@id\":\"https:\/\/acostormbrixx.ca\/fr\/support-produit\/transport-logistique\/#breadcrumb\",\"itemListElement\":[{\"@type\":\"ListItem\",\"position\":1,\"name\":\"Home\",\"item\":\"https:\/\/acostormbrixx.ca\/fr\/\"},{\"@type\":\"ListItem\",\"position\":2,\"name\":\"Support Produit\",\"item\":\"https:\/\/acostormbrixx.ca\/fr\/support-produit\/\"},{\"@type\":\"ListItem\",\"position\":3,\"name\":\"Consid\u00e9rations relatives au transport et \u00e0 la logistique\"}]},{\"@type\":\"WebSite\",\"@id\":\"https:\/\/acostormbrixx.ca\/fr\/#website\",\"url\":\"https:\/\/acostormbrixx.ca\/fr\/\",\"name\":\"ACO StormBrixx. Surface Stormwater Detention and Infiltration\",\"description\":\"Surface Stormwater Detention and Infiltration\",\"potentialAction\":[{\"@type\":\"SearchAction\",\"target\":{\"@type\":\"EntryPoint\",\"urlTemplate\":\"https:\/\/acostormbrixx.ca\/fr\/?s={search_term_string}\"},\"query-input\":{\"@type\":\"PropertyValueSpecification\",\"valueRequired\":true,\"valueName\":\"search_term_string\"}}],\"inLanguage\":\"fr-FR\"}]}<\/script>\n<!-- \/ Yoast SEO plugin. -->","yoast_head_json":{"title":"Consid\u00e9rations relatives au transport et \u00e0 la logistique - ACO StormBrixx. Surface Stormwater Detention and Infiltration","robots":{"index":"index","follow":"follow","max-snippet":"max-snippet:-1","max-image-preview":"max-image-preview:large","max-video-preview":"max-video-preview:-1"},"canonical":"https:\/\/acostormbrixx.ca\/fr\/support-produit\/transport-logistique\/","og_locale":"fr_FR","og_type":"article","og_title":"Consid\u00e9rations relatives au transport et \u00e0 la logistique - ACO StormBrixx. Surface Stormwater Detention and Infiltration","og_description":"[vc_row][vc_column][vc_empty_space height=\u00a0\u00bb25px\u00a0\u00bb][vc_custom_heading text=\u00a0\u00bbLogistique optimis\u00e9e et \u00e9conomies avec ACO StormBrixx\u00a0\u00bb font_container=\u00a0\u00bbtag:h1|text_align:left\u00a0\u00bb use_theme_fonts=\u00a0\u00bbyes\u00a0\u00bb][\/vc_column][\/vc_row][vc_row][vc_column width=\u00a0\u00bb3\/5&Prime;][vc_column_text]Transport et logistique La conception empilable des StormBrixx, o\u00f9 les unit\u00e9s de base s&#8217;embo\u00eetent les unes dans les autres, signifie que moins de v\u00e9hicules sont n\u00e9cessaires pour le transport sur le site par rapport aux autres fabricants de r\u00e9servoirs d&rsquo;eaux pluviales. Les panneaux lat\u00e9raux [&hellip;]","og_url":"https:\/\/acostormbrixx.ca\/fr\/support-produit\/transport-logistique\/","og_site_name":"ACO StormBrixx. Surface Stormwater Detention and Infiltration","article_modified_time":"2022-09-26T04:15:54+00:00","twitter_card":"summary_large_image","twitter_misc":{"Dur\u00e9e de lecture estim\u00e9e":"3 minutes"},"schema":{"@context":"https:\/\/schema.org","@graph":[{"@type":"WebPage","@id":"https:\/\/acostormbrixx.ca\/fr\/support-produit\/transport-logistique\/","url":"https:\/\/acostormbrixx.ca\/fr\/support-produit\/transport-logistique\/","name":"Consid\u00e9rations relatives au transport et \u00e0 la logistique - ACO StormBrixx. Surface Stormwater Detention and Infiltration","isPartOf":{"@id":"https:\/\/acostormbrixx.ca\/fr\/#website"},"datePublished":"2022-09-25T12:17:09+00:00","dateModified":"2022-09-26T04:15:54+00:00","breadcrumb":{"@id":"https:\/\/acostormbrixx.ca\/fr\/support-produit\/transport-logistique\/#breadcrumb"},"inLanguage":"fr-FR","potentialAction":[{"@type":"ReadAction","target":["https:\/\/acostormbrixx.ca\/fr\/support-produit\/transport-logistique\/"]}]},{"@type":"BreadcrumbList","@id":"https:\/\/acostormbrixx.ca\/fr\/support-produit\/transport-logistique\/#breadcrumb","itemListElement":[{"@type":"ListItem","position":1,"name":"Home","item":"https:\/\/acostormbrixx.ca\/fr\/"},{"@type":"ListItem","position":2,"name":"Support Produit","item":"https:\/\/acostormbrixx.ca\/fr\/support-produit\/"},{"@type":"ListItem","position":3,"name":"Consid\u00e9rations relatives au transport et \u00e0 la logistique"}]},{"@type":"WebSite","@id":"https:\/\/acostormbrixx.ca\/fr\/#website","url":"https:\/\/acostormbrixx.ca\/fr\/","name":"ACO StormBrixx. Surface Stormwater Detention and Infiltration","description":"Surface Stormwater Detention and Infiltration","potentialAction":[{"@type":"SearchAction","target":{"@type":"EntryPoint","urlTemplate":"https:\/\/acostormbrixx.ca\/fr\/?s={search_term_string}"},"query-input":{"@type":"PropertyValueSpecification","valueRequired":true,"valueName":"search_term_string"}}],"inLanguage":"fr-FR"}]}},"_links":{"self":[{"href":"https:\/\/acostormbrixx.ca\/fr\/wp-json\/wp\/v2\/pages\/3648","targetHints":{"allow":["GET"]}}],"collection":[{"href":"https:\/\/acostormbrixx.ca\/fr\/wp-json\/wp\/v2\/pages"}],"about":[{"href":"https:\/\/acostormbrixx.ca\/fr\/wp-json\/wp\/v2\/types\/page"}],"author":[{"embeddable":true,"href":"https:\/\/acostormbrixx.ca\/fr\/wp-json\/wp\/v2\/users\/5"}],"replies":[{"embeddable":true,"href":"https:\/\/acostormbrixx.ca\/fr\/wp-json\/wp\/v2\/comments?post=3648"}],"version-history":[{"count":0,"href":"https:\/\/acostormbrixx.ca\/fr\/wp-json\/wp\/v2\/pages\/3648\/revisions"}],"up":[{"embeddable":true,"href":"https:\/\/acostormbrixx.ca\/fr\/wp-json\/wp\/v2\/pages\/3582"}],"wp:attachment":[{"href":"https:\/\/acostormbrixx.ca\/fr\/wp-json\/wp\/v2\/media?parent=3648"}],"curies":[{"name":"wp","href":"https:\/\/api.w.org\/{rel}","templated":true}]}}