{"id":3637,"date":"2022-09-23T18:50:19","date_gmt":"2022-09-23T18:50:19","guid":{"rendered":"https:\/\/acostormbrixx.ca\/gestion-des-eaux-pluviales\/"},"modified":"2022-09-26T15:29:50","modified_gmt":"2022-09-26T15:29:50","slug":"gestion-des-eaux-pluviales","status":"publish","type":"page","link":"https:\/\/acostormbrixx.ca\/fr\/gestion-des-eaux-pluviales\/","title":{"rendered":"Gestion Des Eaux Pluviales"},"content":{"rendered":"<p>[vc_row][vc_column][vc_empty_space height=\u00a0\u00bb25px\u00a0\u00bb][\/vc_column][\/vc_row][vc_row el_class=\u00a0\u00bbvertical-mid\u00a0\u00bb el_id=\u00a0\u00bbgestion des eaux de stroma\u00a0\u00bb][vc_column width=\u00a0\u00bb2\/3&Prime;][vc_column_text]<\/p>\n<div class=\"wpb_text_column wpb_content_element \">\n<div class=\"wpb_wrapper\">\n<h3><strong>Gestion Des Eaux Pluviales<\/strong><\/h3>\n<p>Les syst\u00e8mes souterrains de r\u00e9tention et d&rsquo;infiltration des eaux pluviales StormBrixx sont des produits cl\u00e9s sur lesquels s&rsquo;appuient les ing\u00e9nieurs des ressources en eau, les ing\u00e9nieurs de projets civils et les superviseurs des eaux pluviales du monde entier pour g\u00e9rer le ruissellement des eaux pluviales. Nos r\u00e9servoirs de stockage des eaux pluviales et nos syst\u00e8mes d&rsquo;\u00e9coulement g\u00e9ocellulaires sont con\u00e7us pour une longue dur\u00e9e de vie, une faible maintenance et une installation facile.<\/p>\n<p>La gestion des eaux pluviales fait partie du cycle hydrologique. Le cycle hydrologique est le cycle naturel de l&rsquo;eau, des pr\u00e9cipitations \u00e0 l&rsquo;\u00e9vaporation. StormBrixx fait partie de la cha\u00eene de syst\u00e8mes ACO qui fournit des produits de stockage d&rsquo;eau souterrains qui collectent l&rsquo;eau des surfaces imperm\u00e9ables. L&rsquo;eau collect\u00e9e est transmise \u00e0 des produits de clarification de l&rsquo;eau qui aident \u00e0 \u00e9liminer les solides et les liquides des eaux pluviales ou de surface collect\u00e9es. La r\u00e9tention et le rejet n\u00e9cessitent des produits capables de retenir et de renvoyer les eaux pluviales dans la nature de mani\u00e8re contr\u00f4l\u00e9e. Ces produits peuvent \u00eatre utilis\u00e9s en conjonction avec le processus de r\u00e9utilisation de l&rsquo;eau.<\/p>\n<p>Pour en savoir plus sur notre gamme compl\u00e8te d&rsquo;options de traitement des eaux pluviales et des eaux souterraines, contactez d\u00e8s aujourd&rsquo;hui un expert en gestion des eaux pluviales ACO !<\/p>\n<\/div>\n<\/div>\n<p>[\/vc_column_text][\/vc_column][vc_column width=\u00a0\u00bb1\/3&Prime;][vc_video link=\u00a0\u00bbhttps:\/\/www.youtube.com\/watch?v=3oLCVKQueTo\u00a0\u00bb][\/vc_column][\/vc_row][vc_row][vc_column][vc_column_text]<\/p>\n<div class=\"wpb_text_column wpb_content_element \" style=\"text-align: center;\">\n<div class=\"wpb_wrapper\">\n<h3>D\u00e9couvrez notre gamme compl\u00e8te de produits con\u00e7us exclusivement pour la gestion facile des eaux pluviales.<\/h3>\n<\/div>\n<\/div>\n<p>[\/vc_column_text][\/vc_column][vc_column][vc_separator color=\u00a0\u00bbwhite\u00a0\u00bb border_width=\u00a0\u00bb7&Prime;][\/vc_column][\/vc_row][vc_row gap=\u00a0\u00bb25&Prime; equal_height=\u00a0\u00bbyes\u00a0\u00bb][vc_column width=\u00a0\u00bb1\/4&Prime; css=\u00a0\u00bb.vc_custom_1560236191392{padding-top: 15px !important;padding-right: 15px !important;padding-bottom: 15px !important;padding-left: 15px !important;background-color: #f3f3f3 !important;}\u00a0\u00bb][vc_column_text font_family=\u00a0\u00bbOpen Sans\u00a0\u00bb font_size=\u00a0\u00bb18&Prime; css=\u00a0\u00bb.vc_custom_1664206188955{margin-bottom: 15px !important;}\u00a0\u00bb font_weight=\u00a0\u00bb600&Prime;]<\/p>\n<h4><a href=\"https:\/\/acostormbrixx.ca\/fr\/gestion-des-eaux-pluviales\/cycle-de-gestion-des-eaux-de-surface\/\"><strong>La cha\u00eene du syst\u00e8me &#8211; <\/strong><\/a><a href=\"https:\/\/acostormbrixx.ca\/fr\/gestion-des-eaux-pluviales\/cycle-de-gestion-des-eaux-de-surface\/\"><strong>gestion des eaux de surface<\/strong><\/a><\/h4>\n<p>[\/vc_column_text][vc_single_image image=\u00a0\u00bb1269&Prime; img_size=\u00a0\u00bbfull\u00a0\u00bb onclick=\u00a0\u00bbcustom_link\u00a0\u00bb css=\u00a0\u00bb.vc_custom_1664205679828{margin-top: 15px !important;}\u00a0\u00bb link=\u00a0\u00bbhttps:\/\/acostormbrixx.ca\/fr\/gestion-des-eaux-pluviales\/cycle-de-gestion-des-eaux-de-surface\/\u00a0\u00bb][\/vc_column][vc_column width=\u00a0\u00bb1\/4&Prime; css=\u00a0\u00bb.vc_custom_1560236199507{padding-top: 15px !important;padding-right: 15px !important;padding-bottom: 15px !important;padding-left: 15px !important;background-color: #f3f3f3 !important;}\u00a0\u00bb][vc_column_text font_family=\u00a0\u00bbOpen Sans\u00a0\u00bb font_size=\u00a0\u00bb18&Prime; css=\u00a0\u00bb.vc_custom_1664205773271{margin-bottom: 15px !important;}\u00a0\u00bb font_weight=\u00a0\u00bb600&Prime;]<\/p>\n<h4><a href=\"https:\/\/acostormbrixx.ca\/fr\/gestion-des-eaux-pluviales\/retention-detention-for-regular-duty-applications\/\"><strong>D\u00e9tention \/ r\u00e9tention pour les demandes de service r\u00e9gulier<\/strong><\/a><\/h4>\n<p>[\/vc_column_text][vc_single_image image=\u00a0\u00bb1300&Prime; img_size=\u00a0\u00bbfull\u00a0\u00bb onclick=\u00a0\u00bbcustom_link\u00a0\u00bb css=\u00a0\u00bb.vc_custom_1664205779666{margin-top: 15px !important;}\u00a0\u00bb link=\u00a0\u00bbhttps:\/\/acostormbrixx.ca\/fr\/gestion-des-eaux-pluviales\/retention-detention-for-regular-duty-applications\/\u00a0\u00bb][\/vc_column][vc_column width=\u00a0\u00bb1\/4&Prime; css=\u00a0\u00bb.vc_custom_1560388407793{padding-top: 15px !important;padding-right: 15px !important;padding-bottom: 15px !important;padding-left: 15px !important;background-color: #f3f3f3 !important;}\u00a0\u00bb][vc_column_text font_family=\u00a0\u00bbOpen Sans\u00a0\u00bb font_size=\u00a0\u00bb18&Prime; css=\u00a0\u00bb.vc_custom_1664205803085{margin-bottom: 15px !important;}\u00a0\u00bb font_weight=\u00a0\u00bb600&Prime;]<\/p>\n<h4><a href=\"https:\/\/acostormbrixx.ca\/fr\/gestion-des-eaux-pluviales\/detention-retention-pour-les-demandes-de-service-lourd\/\"><strong>Retenue \/ r\u00e9tention pour les applications lourdes<\/strong><\/a><\/h4>\n<p>[\/vc_column_text][vc_single_image image=\u00a0\u00bb1302&Prime; img_size=\u00a0\u00bbfull\u00a0\u00bb onclick=\u00a0\u00bbcustom_link\u00a0\u00bb css=\u00a0\u00bb.vc_custom_1664205810581{margin-top: 15px !important;}\u00a0\u00bb link=\u00a0\u00bbhttps:\/\/acostormbrixx.ca\/fr\/gestion-des-eaux-pluviales\/detention-retention-pour-les-demandes-de-service-lourd\/\u00a0\u00bb][\/vc_column][vc_column width=\u00a0\u00bb1\/4&Prime; css=\u00a0\u00bb.vc_custom_1560388418062{padding-top: 15px !important;padding-right: 15px !important;padding-bottom: 15px !important;padding-left: 15px !important;background-color: #f3f3f3 !important;}\u00a0\u00bb][vc_column_text font_family=\u00a0\u00bbOpen Sans\u00a0\u00bb font_size=\u00a0\u00bb18&Prime; css=\u00a0\u00bb.vc_custom_1664205889738{margin-bottom: 15px !important;}\u00a0\u00bb font_weight=\u00a0\u00bb600&Prime;]<\/p>\n<h4><a href=\"\/?page_id=3631\"><strong>Applications d&rsquo;infiltration<\/strong><\/a><\/h4>\n<p>[\/vc_column_text][vc_single_image image=\u00a0\u00bb1304&Prime; img_size=\u00a0\u00bbfull\u00a0\u00bb onclick=\u00a0\u00bbcustom_link\u00a0\u00bb css=\u00a0\u00bb.vc_custom_1664205896913{margin-top: 15px !important;}\u00a0\u00bb link=\u00a0\u00bbhttps:\/\/acostormbrixx.ca\/fr\/gestion-des-eaux-pluviales\/infiltration-applications\/\u00a0\u00bb][\/vc_column][\/vc_row][vc_row gap=\u00a0\u00bb25&Prime; equal_height=\u00a0\u00bbyes\u00a0\u00bb][vc_column width=\u00a0\u00bb1\/4&Prime; css=\u00a0\u00bb.vc_custom_1560236191392{padding-top: 15px !important;padding-right: 15px !important;padding-bottom: 15px !important;padding-left: 15px !important;background-color: #f3f3f3 !important;}\u00a0\u00bb][vc_column_text font_family=\u00a0\u00bbOpen Sans\u00a0\u00bb font_size=\u00a0\u00bb18&Prime; css=\u00a0\u00bb.vc_custom_1664205919245{margin-bottom: 15px !important;}\u00a0\u00bb font_weight=\u00a0\u00bb600&Prime;]<\/p>\n<h4><a href=\"https:\/\/acostormbrixx.ca\/fr\/produits\/controle-de-flux\/\"><strong>Syst\u00e8mes de contr\u00f4le du d\u00e9bit<\/strong><\/a><\/h4>\n<p>[\/vc_column_text][vc_single_image image=\u00a0\u00bb1366&Prime; img_size=\u00a0\u00bbfull\u00a0\u00bb onclick=\u00a0\u00bbcustom_link\u00a0\u00bb css=\u00a0\u00bb.vc_custom_1664205927730{margin-top: 15px !important;}\u00a0\u00bb link=\u00a0\u00bbhttps:\/\/acostormbrixx.ca\/fr\/produits\/controle-de-flux\/\u00a0\u00bb][\/vc_column][vc_column width=\u00a0\u00bb1\/4&Prime; css=\u00a0\u00bb.vc_custom_1560236199507{padding-top: 15px !important;padding-right: 15px !important;padding-bottom: 15px !important;padding-left: 15px !important;background-color: #f3f3f3 !important;}\u00a0\u00bb][vc_column_text font_family=\u00a0\u00bbOpen Sans\u00a0\u00bb font_size=\u00a0\u00bb18&Prime; css=\u00a0\u00bb.vc_custom_1664205960015{margin-bottom: 15px !important;}\u00a0\u00bb font_weight=\u00a0\u00bb600&Prime;]<\/p>\n<h4><a href=\"https:\/\/acostormbrixx.ca\/fr\/gestion-des-eaux-pluviales\/applications-typiques\/\"><strong>Applications typiques<\/strong><\/a><\/h4>\n<p>[\/vc_column_text][vc_single_image image=\u00a0\u00bb1308&Prime; img_size=\u00a0\u00bbfull\u00a0\u00bb onclick=\u00a0\u00bbcustom_link\u00a0\u00bb css=\u00a0\u00bb.vc_custom_1664205967425{margin-top: 15px !important;}\u00a0\u00bb link=\u00a0\u00bbhttps:\/\/acostormbrixx.ca\/fr\/gestion-des-eaux-pluviales\/applications-typiques\/\u00a0\u00bb][\/vc_column][vc_column width=\u00a0\u00bb1\/4&Prime; css=\u00a0\u00bb.vc_custom_1560388357366{padding-top: 15px !important;padding-right: 15px !important;padding-bottom: 15px !important;padding-left: 15px !important;background-color: #ffffff !important;}\u00a0\u00bb][\/vc_column][vc_column width=\u00a0\u00bb1\/4&Prime; css=\u00a0\u00bb.vc_custom_1560388368586{background-color: #ffffff !important;}\u00a0\u00bb][\/vc_column][\/vc_row]<\/p>\n","protected":false},"excerpt":{"rendered":"<p>[vc_row][vc_column][vc_empty_space height=\u00a0\u00bb25px\u00a0\u00bb][\/vc_column][\/vc_row][vc_row el_class=\u00a0\u00bbvertical-mid\u00a0\u00bb el_id=\u00a0\u00bbgestion des eaux de stroma\u00a0\u00bb][vc_column width=\u00a0\u00bb2\/3&Prime;][vc_column_text] Gestion Des Eaux Pluviales Les syst\u00e8mes souterrains de r\u00e9tention et d&rsquo;infiltration des eaux pluviales StormBrixx sont des produits cl\u00e9s sur lesquels s&rsquo;appuient les ing\u00e9nieurs des ressources en eau, les ing\u00e9nieurs de projets civils et les superviseurs des eaux pluviales du monde entier pour g\u00e9rer le ruissellement [&hellip;]<\/p>\n","protected":false},"author":5,"featured_media":0,"parent":0,"menu_order":0,"comment_status":"closed","ping_status":"closed","template":"","meta":{"footnotes":"","_links_to":"","_links_to_target":""},"class_list":["post-3637","page","type-page","status-publish","hentry"],"acf":[],"yoast_head":"<!-- This site is optimized with the Yoast SEO plugin v25.0 - https:\/\/yoast.com\/wordpress\/plugins\/seo\/ -->\n<title>Gestion Des Eaux Pluviales - ACO StormBrixx. Surface Stormwater Detention and Infiltration<\/title>\n<meta name=\"robots\" content=\"index, follow, max-snippet:-1, max-image-preview:large, max-video-preview:-1\" \/>\n<link rel=\"canonical\" href=\"https:\/\/acostormbrixx.ca\/fr\/gestion-des-eaux-pluviales\/\" \/>\n<meta property=\"og:locale\" content=\"fr_FR\" \/>\n<meta property=\"og:type\" content=\"article\" \/>\n<meta property=\"og:title\" content=\"Gestion Des Eaux Pluviales - ACO StormBrixx. Surface Stormwater Detention and Infiltration\" \/>\n<meta property=\"og:description\" content=\"[vc_row][vc_column][vc_empty_space height=\u00a0\u00bb25px\u00a0\u00bb][\/vc_column][\/vc_row][vc_row el_class=\u00a0\u00bbvertical-mid\u00a0\u00bb el_id=\u00a0\u00bbgestion des eaux de stroma\u00a0\u00bb][vc_column width=\u00a0\u00bb2\/3&Prime;][vc_column_text] Gestion Des Eaux Pluviales Les syst\u00e8mes souterrains de r\u00e9tention et d&rsquo;infiltration des eaux pluviales StormBrixx sont des produits cl\u00e9s sur lesquels s&rsquo;appuient les ing\u00e9nieurs des ressources en eau, les ing\u00e9nieurs de projets civils et les superviseurs des eaux pluviales du monde entier pour g\u00e9rer le ruissellement [&hellip;]\" \/>\n<meta property=\"og:url\" content=\"https:\/\/acostormbrixx.ca\/fr\/gestion-des-eaux-pluviales\/\" \/>\n<meta property=\"og:site_name\" content=\"ACO StormBrixx. Surface Stormwater Detention and Infiltration\" \/>\n<meta property=\"article:modified_time\" content=\"2022-09-26T15:29:50+00:00\" \/>\n<meta name=\"twitter:card\" content=\"summary_large_image\" \/>\n<meta name=\"twitter:label1\" content=\"Dur\u00e9e de lecture estim\u00e9e\" \/>\n\t<meta name=\"twitter:data1\" content=\"3 minutes\" \/>\n<script type=\"application\/ld+json\" class=\"yoast-schema-graph\">{\"@context\":\"https:\/\/schema.org\",\"@graph\":[{\"@type\":\"WebPage\",\"@id\":\"https:\/\/acostormbrixx.ca\/fr\/gestion-des-eaux-pluviales\/\",\"url\":\"https:\/\/acostormbrixx.ca\/fr\/gestion-des-eaux-pluviales\/\",\"name\":\"Gestion Des Eaux Pluviales - ACO StormBrixx. Surface Stormwater Detention and Infiltration\",\"isPartOf\":{\"@id\":\"https:\/\/acostormbrixx.ca\/fr\/#website\"},\"datePublished\":\"2022-09-23T18:50:19+00:00\",\"dateModified\":\"2022-09-26T15:29:50+00:00\",\"breadcrumb\":{\"@id\":\"https:\/\/acostormbrixx.ca\/fr\/gestion-des-eaux-pluviales\/#breadcrumb\"},\"inLanguage\":\"fr-FR\",\"potentialAction\":[{\"@type\":\"ReadAction\",\"target\":[\"https:\/\/acostormbrixx.ca\/fr\/gestion-des-eaux-pluviales\/\"]}]},{\"@type\":\"BreadcrumbList\",\"@id\":\"https:\/\/acostormbrixx.ca\/fr\/gestion-des-eaux-pluviales\/#breadcrumb\",\"itemListElement\":[{\"@type\":\"ListItem\",\"position\":1,\"name\":\"Home\",\"item\":\"https:\/\/acostormbrixx.ca\/fr\/\"},{\"@type\":\"ListItem\",\"position\":2,\"name\":\"Gestion Des Eaux Pluviales\"}]},{\"@type\":\"WebSite\",\"@id\":\"https:\/\/acostormbrixx.ca\/fr\/#website\",\"url\":\"https:\/\/acostormbrixx.ca\/fr\/\",\"name\":\"ACO StormBrixx. Surface Stormwater Detention and Infiltration\",\"description\":\"Surface Stormwater Detention and Infiltration\",\"potentialAction\":[{\"@type\":\"SearchAction\",\"target\":{\"@type\":\"EntryPoint\",\"urlTemplate\":\"https:\/\/acostormbrixx.ca\/fr\/?s={search_term_string}\"},\"query-input\":{\"@type\":\"PropertyValueSpecification\",\"valueRequired\":true,\"valueName\":\"search_term_string\"}}],\"inLanguage\":\"fr-FR\"}]}<\/script>\n<!-- \/ Yoast SEO plugin. -->","yoast_head_json":{"title":"Gestion Des Eaux Pluviales - ACO StormBrixx. Surface Stormwater Detention and Infiltration","robots":{"index":"index","follow":"follow","max-snippet":"max-snippet:-1","max-image-preview":"max-image-preview:large","max-video-preview":"max-video-preview:-1"},"canonical":"https:\/\/acostormbrixx.ca\/fr\/gestion-des-eaux-pluviales\/","og_locale":"fr_FR","og_type":"article","og_title":"Gestion Des Eaux Pluviales - ACO StormBrixx. Surface Stormwater Detention and Infiltration","og_description":"[vc_row][vc_column][vc_empty_space height=\u00a0\u00bb25px\u00a0\u00bb][\/vc_column][\/vc_row][vc_row el_class=\u00a0\u00bbvertical-mid\u00a0\u00bb el_id=\u00a0\u00bbgestion des eaux de stroma\u00a0\u00bb][vc_column width=\u00a0\u00bb2\/3&Prime;][vc_column_text] Gestion Des Eaux Pluviales Les syst\u00e8mes souterrains de r\u00e9tention et d&rsquo;infiltration des eaux pluviales StormBrixx sont des produits cl\u00e9s sur lesquels s&rsquo;appuient les ing\u00e9nieurs des ressources en eau, les ing\u00e9nieurs de projets civils et les superviseurs des eaux pluviales du monde entier pour g\u00e9rer le ruissellement [&hellip;]","og_url":"https:\/\/acostormbrixx.ca\/fr\/gestion-des-eaux-pluviales\/","og_site_name":"ACO StormBrixx. Surface Stormwater Detention and Infiltration","article_modified_time":"2022-09-26T15:29:50+00:00","twitter_card":"summary_large_image","twitter_misc":{"Dur\u00e9e de lecture estim\u00e9e":"3 minutes"},"schema":{"@context":"https:\/\/schema.org","@graph":[{"@type":"WebPage","@id":"https:\/\/acostormbrixx.ca\/fr\/gestion-des-eaux-pluviales\/","url":"https:\/\/acostormbrixx.ca\/fr\/gestion-des-eaux-pluviales\/","name":"Gestion Des Eaux Pluviales - ACO StormBrixx. Surface Stormwater Detention and Infiltration","isPartOf":{"@id":"https:\/\/acostormbrixx.ca\/fr\/#website"},"datePublished":"2022-09-23T18:50:19+00:00","dateModified":"2022-09-26T15:29:50+00:00","breadcrumb":{"@id":"https:\/\/acostormbrixx.ca\/fr\/gestion-des-eaux-pluviales\/#breadcrumb"},"inLanguage":"fr-FR","potentialAction":[{"@type":"ReadAction","target":["https:\/\/acostormbrixx.ca\/fr\/gestion-des-eaux-pluviales\/"]}]},{"@type":"BreadcrumbList","@id":"https:\/\/acostormbrixx.ca\/fr\/gestion-des-eaux-pluviales\/#breadcrumb","itemListElement":[{"@type":"ListItem","position":1,"name":"Home","item":"https:\/\/acostormbrixx.ca\/fr\/"},{"@type":"ListItem","position":2,"name":"Gestion Des Eaux Pluviales"}]},{"@type":"WebSite","@id":"https:\/\/acostormbrixx.ca\/fr\/#website","url":"https:\/\/acostormbrixx.ca\/fr\/","name":"ACO StormBrixx. Surface Stormwater Detention and Infiltration","description":"Surface Stormwater Detention and Infiltration","potentialAction":[{"@type":"SearchAction","target":{"@type":"EntryPoint","urlTemplate":"https:\/\/acostormbrixx.ca\/fr\/?s={search_term_string}"},"query-input":{"@type":"PropertyValueSpecification","valueRequired":true,"valueName":"search_term_string"}}],"inLanguage":"fr-FR"}]}},"_links":{"self":[{"href":"https:\/\/acostormbrixx.ca\/fr\/wp-json\/wp\/v2\/pages\/3637","targetHints":{"allow":["GET"]}}],"collection":[{"href":"https:\/\/acostormbrixx.ca\/fr\/wp-json\/wp\/v2\/pages"}],"about":[{"href":"https:\/\/acostormbrixx.ca\/fr\/wp-json\/wp\/v2\/types\/page"}],"author":[{"embeddable":true,"href":"https:\/\/acostormbrixx.ca\/fr\/wp-json\/wp\/v2\/users\/5"}],"replies":[{"embeddable":true,"href":"https:\/\/acostormbrixx.ca\/fr\/wp-json\/wp\/v2\/comments?post=3637"}],"version-history":[{"count":0,"href":"https:\/\/acostormbrixx.ca\/fr\/wp-json\/wp\/v2\/pages\/3637\/revisions"}],"wp:attachment":[{"href":"https:\/\/acostormbrixx.ca\/fr\/wp-json\/wp\/v2\/media?parent=3637"}],"curies":[{"name":"wp","href":"https:\/\/api.w.org\/{rel}","templated":true}]}}