{"id":3612,"date":"2022-09-23T18:37:07","date_gmt":"2022-09-23T18:37:07","guid":{"rendered":"https:\/\/acostormbrixx.ca\/support-produit\/support-de-projet\/"},"modified":"2022-09-26T04:16:25","modified_gmt":"2022-09-26T04:16:25","slug":"support-de-projet","status":"publish","type":"page","link":"https:\/\/acostormbrixx.ca\/fr\/support-produit\/support-de-projet\/","title":{"rendered":"Soutien aux projets"},"content":{"rendered":"<p>[vc_row][vc_column][vc_custom_heading text=\u00a0\u00bbSoutien aux projets\u00a0\u00bb font_container=\u00a0\u00bbtag:h1|text_align:left\u00a0\u00bb use_theme_fonts=\u00a0\u00bbyes\u00a0\u00bb][vc_column_text]<img decoding=\"async\" class=\"alignright wp-image-1234 size-full\" src=\"https:\/\/acostormbrixx.ca\/wp-content\/uploads\/project-support.jpg\" alt=\"soutien aux projets\" width=\"250\" height=\"243\">Le client et l&rsquo;ing\u00e9nieur civil commenceront par consulter la ville ou l&rsquo;autorit\u00e9 de planification concern\u00e9e pour d\u00e9terminer les exigences relatives aux syst\u00e8mes de r\u00e9tention, de retenue et d&rsquo;infiltration, car cela peut influer sur le choix du produit.<\/p>\n<p>Ces autorit\u00e9s peuvent approuver les syst\u00e8mes StormBrixx<sup>\u00ae<\/sup> d&rsquo;ACO le cas \u00e9ch\u00e9ant.<\/p>\n<p>Pour concevoir et installer le StormBrixx<sup>\u00ae<\/sup> d&rsquo;ACO, les prescripteurs doivent tenir compte de trois facteurs :<\/p>\n<ol>\n<li>Conception hydraulique (bassin versant et volume)<\/li>\n<li>Conseils de conception structurelle (charges)<\/li>\n<li>Maintenance<\/li>\n<li>D\u00e9bit du r\u00e9servoir, le cas \u00e9ch\u00e9ant<\/li>\n<\/ol>\n<p>[\/vc_column_text][\/vc_column][\/vc_row][vc_row][vc_column][vc_tta_tabs shape=\u00a0\u00bbsquare\u00a0\u00bb spacing=\u00a0\u00bb10&Prime; active_section=\u00a0\u00bb1&Prime;][vc_tta_section title=\u00a0\u00bbConception hydraulique\u00a0\u00bb tab_id=\u00a0\u00bbHydraulic\u00a0\u00bb][vc_column_text]<img decoding=\"async\" class=\"alignright size-full wp-image-1236\" src=\"https:\/\/acostormbrixx.ca\/wp-content\/uploads\/hydraulic-design.png\" alt=\"conception hydraulique\" width=\"238\" height=\"210\">La conception hydraulique traite du ruissellement de surface ainsi que du stockage temporaire de l&rsquo;eau lors des \u00e9v\u00e9nements pluvieux. L&rsquo;objectif est de r\u00e9duire le volume, la vitesse et la fr\u00e9quence du ruissellement des eaux de surface. Les facteurs seront sp\u00e9cifiques au site et les calculs pour la conception hydraulique peuvent \u00eatre entrepris en utilisant des m\u00e9thodes accept\u00e9es et approuv\u00e9es localement.<\/p>\n<p>Aucun code\/norme de construction actuel ne couvre les essais et l&rsquo;utilisation des syst\u00e8mes g\u00e9ocellulaires en Am\u00e9rique du Nord.<\/p>\n<p>Le document anglais CIRIA C697 propose des directives de conception. L&rsquo;Association de recherche et d&rsquo;information de l&rsquo;industrie de la construction (CIRIA) est un organisme \u00e0 but non lucratif qui fournit des conseils sur la planification, la conception, la construction et l&rsquo;entretien des syst\u00e8mes de drainage durable afin de contribuer \u00e0 une mise en \u0153uvre efficace dans les d\u00e9veloppements.[\/vc_column_text][\/vc_tta_section][vc_tta_section title=\u00a0\u00bbConception structurelle\u00a0\u00bb tab_id=\u00a0\u00bbStructural\u00a0\u00bb][vc_column_text]<\/p>\n<div class=\"vc_tta-panel-body\">\n<div class=\"wpb_text_column wpb_content_element \">\n<div class=\"wpb_wrapper\">\n<p>La conception structurelle tient compte de la capacit\u00e9 de charge du syst\u00e8me StormBrixx<sup>\u00ae<\/sup> d&rsquo;ACO pour s&rsquo;assurer qu&rsquo;il peut supporter en toute s\u00e9curit\u00e9 les charges auxquelles il sera soumis. La d\u00e9cision initiale doit \u00eatre prise sur le type de syst\u00e8me requis &#8211; r\u00e9tention, d\u00e9tention ou infiltration &#8211; puis les param\u00e8tres de conception indiqu\u00e9s ci-dessous doivent \u00eatre pris en compte.<\/p>\n<ul>\n<li>Type de sol<\/li>\n<li>Chargement vertical (y compris le mouvement de la circulation sur le site)<\/li>\n<li>Eaux souterraines (nappe phr\u00e9atique)<\/li>\n<li>Profondeur du couvercle et profondeur totale de l&rsquo;installation<\/li>\n<li>Finition de surface<\/li>\n<li>Chargement horizontal<\/li>\n<\/ul>\n<p>Il faut tenir compte de la d\u00e9flexion maximale admissible de la surface de la chauss\u00e9e au-dessus du r\u00e9servoir. Bien que les d\u00e9flexions excessives n&rsquo;entra\u00eenent pas n\u00e9cessairement la rupture du r\u00e9servoir, elles provoquent une d\u00e9t\u00e9rioration locale de la chauss\u00e9e. ACO peut fournir des r\u00e9sultats de d\u00e9flexion structurelle pour des charges dynamiques sp\u00e9cifiques. Le fluage (d\u00e9flexions \u00e0 long terme sous des charges permanentes) doit \u00e9galement \u00eatre \u00e9tudi\u00e9 pour garantir la durabilit\u00e9 du r\u00e9servoir.<\/p>\n<p>Les calculs structurels doivent \u00eatre effectu\u00e9s en utilisant la m\u00e9thodologie d\u00e9taill\u00e9e dans le document CIRIA C680 &#8211; \u00ab\u00a0Structural design of modular geocellular drainage tanks\u00a0\u00bb. Pour plus de conseils, veuillez <a href=\"https:\/\/acostormbrixx.ca\/fr\/contactez-nous\/\">contacter les services techniques d&rsquo;ACO<\/a>.<\/p>\n<p>ACO fournira des plans d&rsquo;installation g\u00e9n\u00e9raux, r\u00e9pondant aux principales exigences.<\/p>\n<\/div>\n<\/div>\n<\/div>\n<p>[\/vc_column_text][\/vc_tta_section][vc_tta_section title=\u00a0\u00bbMaintenance\u00a0\u00bb tab_id=\u00a0\u00bbMaintenance\u00a0\u00bb][vc_column_text]<\/p>\n<div class=\"vc_tta-panel-body\">\n<div class=\"wpb_text_column wpb_content_element \">\n<div class=\"wpb_wrapper\">\n<p>La fr\u00e9quence d&rsquo;une proc\u00e9dure d&rsquo;entretien du r\u00e9servoir sera d\u00e9termin\u00e9e par les cycles d&rsquo;inspection. Il est recommand\u00e9 de proc\u00e9der \u00e0 des inspections au moins deux fois par an, et au cours de la premi\u00e8re ann\u00e9e apr\u00e8s chaque \u00e9v\u00e9nement pluvieux important.<\/p>\n<p>Afin de minimiser l&rsquo;accumulation de limon, l&rsquo;ACO recommande l&rsquo;utilisation de syst\u00e8mes de pr\u00e9traitement en amont du syst\u00e8me de r\u00e9tention\/d\u00e9tention.<\/p>\n<p>Pour plus d&rsquo;informations, <a href=\"https:\/\/acostormbrixx.ca\/fr\/support-produit\/maintenance-inspection\/\">cliquez ici<\/a>.<\/p>\n<\/div>\n<\/div>\n<\/div>\n<p>[\/vc_column_text][\/vc_tta_section][\/vc_tta_tabs][\/vc_column][\/vc_row]<\/p>\n","protected":false},"excerpt":{"rendered":"<p>[vc_row][vc_column][vc_custom_heading text=\u00a0\u00bbSoutien aux projets\u00a0\u00bb font_container=\u00a0\u00bbtag:h1|text_align:left\u00a0\u00bb use_theme_fonts=\u00a0\u00bbyes\u00a0\u00bb][vc_column_text]Le client et l&rsquo;ing\u00e9nieur civil commenceront par consulter la ville ou l&rsquo;autorit\u00e9 de planification concern\u00e9e pour d\u00e9terminer les exigences relatives aux syst\u00e8mes de r\u00e9tention, de retenue et d&rsquo;infiltration, car cela peut influer sur le choix du produit. Ces autorit\u00e9s peuvent approuver les syst\u00e8mes StormBrixx\u00ae d&rsquo;ACO le cas \u00e9ch\u00e9ant. Pour concevoir [&hellip;]<\/p>\n","protected":false},"author":5,"featured_media":0,"parent":3582,"menu_order":0,"comment_status":"closed","ping_status":"closed","template":"","meta":{"footnotes":"","_links_to":"","_links_to_target":""},"class_list":["post-3612","page","type-page","status-publish","hentry"],"acf":[],"yoast_head":"<!-- This site is optimized with the Yoast SEO plugin v25.0 - https:\/\/yoast.com\/wordpress\/plugins\/seo\/ -->\n<title>Soutien aux projets - ACO StormBrixx. Surface Stormwater Detention and Infiltration<\/title>\n<meta name=\"robots\" content=\"index, follow, max-snippet:-1, max-image-preview:large, max-video-preview:-1\" \/>\n<link rel=\"canonical\" href=\"https:\/\/acostormbrixx.ca\/fr\/support-produit\/support-de-projet\/\" \/>\n<meta property=\"og:locale\" content=\"fr_FR\" \/>\n<meta property=\"og:type\" content=\"article\" \/>\n<meta property=\"og:title\" content=\"Soutien aux projets - ACO StormBrixx. Surface Stormwater Detention and Infiltration\" \/>\n<meta property=\"og:description\" content=\"[vc_row][vc_column][vc_custom_heading text=\u00a0\u00bbSoutien aux projets\u00a0\u00bb font_container=\u00a0\u00bbtag:h1|text_align:left\u00a0\u00bb use_theme_fonts=\u00a0\u00bbyes\u00a0\u00bb][vc_column_text]Le client et l&rsquo;ing\u00e9nieur civil commenceront par consulter la ville ou l&rsquo;autorit\u00e9 de planification concern\u00e9e pour d\u00e9terminer les exigences relatives aux syst\u00e8mes de r\u00e9tention, de retenue et d&rsquo;infiltration, car cela peut influer sur le choix du produit. Ces autorit\u00e9s peuvent approuver les syst\u00e8mes StormBrixx\u00ae d&rsquo;ACO le cas \u00e9ch\u00e9ant. Pour concevoir [&hellip;]\" \/>\n<meta property=\"og:url\" content=\"https:\/\/acostormbrixx.ca\/fr\/support-produit\/support-de-projet\/\" \/>\n<meta property=\"og:site_name\" content=\"ACO StormBrixx. Surface Stormwater Detention and Infiltration\" \/>\n<meta property=\"article:modified_time\" content=\"2022-09-26T04:16:25+00:00\" \/>\n<meta property=\"og:image\" content=\"https:\/\/acostormbrixx.ca\/wp-content\/uploads\/project-support.jpg\" \/>\n<meta name=\"twitter:card\" content=\"summary_large_image\" \/>\n<meta name=\"twitter:label1\" content=\"Dur\u00e9e de lecture estim\u00e9e\" \/>\n\t<meta name=\"twitter:data1\" content=\"3 minutes\" \/>\n<script type=\"application\/ld+json\" class=\"yoast-schema-graph\">{\"@context\":\"https:\/\/schema.org\",\"@graph\":[{\"@type\":\"WebPage\",\"@id\":\"https:\/\/acostormbrixx.ca\/fr\/support-produit\/support-de-projet\/\",\"url\":\"https:\/\/acostormbrixx.ca\/fr\/support-produit\/support-de-projet\/\",\"name\":\"Soutien aux projets - ACO StormBrixx. Surface Stormwater Detention and Infiltration\",\"isPartOf\":{\"@id\":\"https:\/\/acostormbrixx.ca\/fr\/#website\"},\"primaryImageOfPage\":{\"@id\":\"https:\/\/acostormbrixx.ca\/fr\/support-produit\/support-de-projet\/#primaryimage\"},\"image\":{\"@id\":\"https:\/\/acostormbrixx.ca\/fr\/support-produit\/support-de-projet\/#primaryimage\"},\"thumbnailUrl\":\"https:\/\/acostormbrixx.ca\/wp-content\/uploads\/project-support.jpg\",\"datePublished\":\"2022-09-23T18:37:07+00:00\",\"dateModified\":\"2022-09-26T04:16:25+00:00\",\"breadcrumb\":{\"@id\":\"https:\/\/acostormbrixx.ca\/fr\/support-produit\/support-de-projet\/#breadcrumb\"},\"inLanguage\":\"fr-FR\",\"potentialAction\":[{\"@type\":\"ReadAction\",\"target\":[\"https:\/\/acostormbrixx.ca\/fr\/support-produit\/support-de-projet\/\"]}]},{\"@type\":\"ImageObject\",\"inLanguage\":\"fr-FR\",\"@id\":\"https:\/\/acostormbrixx.ca\/fr\/support-produit\/support-de-projet\/#primaryimage\",\"url\":\"https:\/\/acostormbrixx.ca\/wp-content\/uploads\/project-support.jpg\",\"contentUrl\":\"https:\/\/acostormbrixx.ca\/wp-content\/uploads\/project-support.jpg\"},{\"@type\":\"BreadcrumbList\",\"@id\":\"https:\/\/acostormbrixx.ca\/fr\/support-produit\/support-de-projet\/#breadcrumb\",\"itemListElement\":[{\"@type\":\"ListItem\",\"position\":1,\"name\":\"Home\",\"item\":\"https:\/\/acostormbrixx.ca\/fr\/\"},{\"@type\":\"ListItem\",\"position\":2,\"name\":\"Support Produit\",\"item\":\"https:\/\/acostormbrixx.ca\/fr\/support-produit\/\"},{\"@type\":\"ListItem\",\"position\":3,\"name\":\"Soutien aux projets\"}]},{\"@type\":\"WebSite\",\"@id\":\"https:\/\/acostormbrixx.ca\/fr\/#website\",\"url\":\"https:\/\/acostormbrixx.ca\/fr\/\",\"name\":\"ACO StormBrixx. Surface Stormwater Detention and Infiltration\",\"description\":\"Surface Stormwater Detention and Infiltration\",\"potentialAction\":[{\"@type\":\"SearchAction\",\"target\":{\"@type\":\"EntryPoint\",\"urlTemplate\":\"https:\/\/acostormbrixx.ca\/fr\/?s={search_term_string}\"},\"query-input\":{\"@type\":\"PropertyValueSpecification\",\"valueRequired\":true,\"valueName\":\"search_term_string\"}}],\"inLanguage\":\"fr-FR\"}]}<\/script>\n<!-- \/ Yoast SEO plugin. -->","yoast_head_json":{"title":"Soutien aux projets - ACO StormBrixx. Surface Stormwater Detention and Infiltration","robots":{"index":"index","follow":"follow","max-snippet":"max-snippet:-1","max-image-preview":"max-image-preview:large","max-video-preview":"max-video-preview:-1"},"canonical":"https:\/\/acostormbrixx.ca\/fr\/support-produit\/support-de-projet\/","og_locale":"fr_FR","og_type":"article","og_title":"Soutien aux projets - ACO StormBrixx. Surface Stormwater Detention and Infiltration","og_description":"[vc_row][vc_column][vc_custom_heading text=\u00a0\u00bbSoutien aux projets\u00a0\u00bb font_container=\u00a0\u00bbtag:h1|text_align:left\u00a0\u00bb use_theme_fonts=\u00a0\u00bbyes\u00a0\u00bb][vc_column_text]Le client et l&rsquo;ing\u00e9nieur civil commenceront par consulter la ville ou l&rsquo;autorit\u00e9 de planification concern\u00e9e pour d\u00e9terminer les exigences relatives aux syst\u00e8mes de r\u00e9tention, de retenue et d&rsquo;infiltration, car cela peut influer sur le choix du produit. Ces autorit\u00e9s peuvent approuver les syst\u00e8mes StormBrixx\u00ae d&rsquo;ACO le cas \u00e9ch\u00e9ant. Pour concevoir [&hellip;]","og_url":"https:\/\/acostormbrixx.ca\/fr\/support-produit\/support-de-projet\/","og_site_name":"ACO StormBrixx. Surface Stormwater Detention and Infiltration","article_modified_time":"2022-09-26T04:16:25+00:00","og_image":[{"url":"https:\/\/acostormbrixx.ca\/wp-content\/uploads\/project-support.jpg","type":"","width":"","height":""}],"twitter_card":"summary_large_image","twitter_misc":{"Dur\u00e9e de lecture estim\u00e9e":"3 minutes"},"schema":{"@context":"https:\/\/schema.org","@graph":[{"@type":"WebPage","@id":"https:\/\/acostormbrixx.ca\/fr\/support-produit\/support-de-projet\/","url":"https:\/\/acostormbrixx.ca\/fr\/support-produit\/support-de-projet\/","name":"Soutien aux projets - ACO StormBrixx. Surface Stormwater Detention and Infiltration","isPartOf":{"@id":"https:\/\/acostormbrixx.ca\/fr\/#website"},"primaryImageOfPage":{"@id":"https:\/\/acostormbrixx.ca\/fr\/support-produit\/support-de-projet\/#primaryimage"},"image":{"@id":"https:\/\/acostormbrixx.ca\/fr\/support-produit\/support-de-projet\/#primaryimage"},"thumbnailUrl":"https:\/\/acostormbrixx.ca\/wp-content\/uploads\/project-support.jpg","datePublished":"2022-09-23T18:37:07+00:00","dateModified":"2022-09-26T04:16:25+00:00","breadcrumb":{"@id":"https:\/\/acostormbrixx.ca\/fr\/support-produit\/support-de-projet\/#breadcrumb"},"inLanguage":"fr-FR","potentialAction":[{"@type":"ReadAction","target":["https:\/\/acostormbrixx.ca\/fr\/support-produit\/support-de-projet\/"]}]},{"@type":"ImageObject","inLanguage":"fr-FR","@id":"https:\/\/acostormbrixx.ca\/fr\/support-produit\/support-de-projet\/#primaryimage","url":"https:\/\/acostormbrixx.ca\/wp-content\/uploads\/project-support.jpg","contentUrl":"https:\/\/acostormbrixx.ca\/wp-content\/uploads\/project-support.jpg"},{"@type":"BreadcrumbList","@id":"https:\/\/acostormbrixx.ca\/fr\/support-produit\/support-de-projet\/#breadcrumb","itemListElement":[{"@type":"ListItem","position":1,"name":"Home","item":"https:\/\/acostormbrixx.ca\/fr\/"},{"@type":"ListItem","position":2,"name":"Support Produit","item":"https:\/\/acostormbrixx.ca\/fr\/support-produit\/"},{"@type":"ListItem","position":3,"name":"Soutien aux projets"}]},{"@type":"WebSite","@id":"https:\/\/acostormbrixx.ca\/fr\/#website","url":"https:\/\/acostormbrixx.ca\/fr\/","name":"ACO StormBrixx. Surface Stormwater Detention and Infiltration","description":"Surface Stormwater Detention and Infiltration","potentialAction":[{"@type":"SearchAction","target":{"@type":"EntryPoint","urlTemplate":"https:\/\/acostormbrixx.ca\/fr\/?s={search_term_string}"},"query-input":{"@type":"PropertyValueSpecification","valueRequired":true,"valueName":"search_term_string"}}],"inLanguage":"fr-FR"}]}},"_links":{"self":[{"href":"https:\/\/acostormbrixx.ca\/fr\/wp-json\/wp\/v2\/pages\/3612","targetHints":{"allow":["GET"]}}],"collection":[{"href":"https:\/\/acostormbrixx.ca\/fr\/wp-json\/wp\/v2\/pages"}],"about":[{"href":"https:\/\/acostormbrixx.ca\/fr\/wp-json\/wp\/v2\/types\/page"}],"author":[{"embeddable":true,"href":"https:\/\/acostormbrixx.ca\/fr\/wp-json\/wp\/v2\/users\/5"}],"replies":[{"embeddable":true,"href":"https:\/\/acostormbrixx.ca\/fr\/wp-json\/wp\/v2\/comments?post=3612"}],"version-history":[{"count":0,"href":"https:\/\/acostormbrixx.ca\/fr\/wp-json\/wp\/v2\/pages\/3612\/revisions"}],"up":[{"embeddable":true,"href":"https:\/\/acostormbrixx.ca\/fr\/wp-json\/wp\/v2\/pages\/3582"}],"wp:attachment":[{"href":"https:\/\/acostormbrixx.ca\/fr\/wp-json\/wp\/v2\/media?parent=3612"}],"curies":[{"name":"wp","href":"https:\/\/api.w.org\/{rel}","templated":true}]}}