{"id":3607,"date":"2022-09-23T18:32:00","date_gmt":"2022-09-23T18:32:00","guid":{"rendered":"https:\/\/acostormbrixx.ca\/support-produit\/maintenance-inspection\/"},"modified":"2022-09-26T04:15:47","modified_gmt":"2022-09-26T04:15:47","slug":"maintenance-inspection","status":"publish","type":"page","link":"https:\/\/acostormbrixx.ca\/fr\/support-produit\/maintenance-inspection\/","title":{"rendered":"Conseils d&rsquo;entretien et d&rsquo;inspection"},"content":{"rendered":"<p>[vc_row][vc_column][vc_empty_space height=\u00a0\u00bb25px\u00a0\u00bb][vc_custom_heading text=\u00a0\u00bbConseils d&rsquo;entretien et d&rsquo;inspection\u00a0\u00bb font_container=\u00a0\u00bbtag:h1|text_align:left\u00a0\u00bb use_theme_fonts=\u00a0\u00bbyes\u00a0\u00bb][vc_column_text]<\/p>\n<div class=\"wpb_text_column wpb_content_element \">\n<div class=\"wpb_wrapper\">\n<h3>Proc\u00e9dures d&rsquo;entretien<\/h3>\n<p><img decoding=\"async\" class=\"alignright size-full wp-image-1158\" src=\"https:\/\/acostormbrixx.ca\/wp-content\/uploads\/maintenance.jpg\" alt=\"maintenance\" width=\"220\" height=\"250\">Il est important de noter que l&rsquo;incapacit\u00e9 \u00e0 contr\u00f4ler et \u00e0 \u00e9liminer l&rsquo;accumulation de s\u00e9diments dans les r\u00e9servoirs d&rsquo;eaux pluviales est la principale cause de d\u00e9faillance du syst\u00e8me. On peut utiliser un s\u00e9parateur de solides en suspension totale avant le traitement et, \u00e0 l&rsquo;occasion, incorporer un pi\u00e8ge \u00e0 s\u00e9diments dans un syst\u00e8me d&rsquo;infiltration StormBrixx<sup>\u00ae<\/sup>, ou un pi\u00e8ge \u00e0 limon dans un syst\u00e8me de r\u00e9tention\/r\u00e9tention StormBrixx<sup>\u00ae<\/sup>, pour assurer une gestion efficace du limon. Pour plus de d\u00e9tails sur les dispositifs de pr\u00e9traitement ACO, veuillez consulter le site <a href=\"http:\/\/acoenvironment.ca\" target=\"_blank\" rel=\"noopener noreferrer\">acoenvironment.ca<\/a>.<\/p>\n<p>La conception ouverte du syst\u00e8me StormBrixx<sup>\u00ae<\/sup> d&rsquo;ACO permet d&rsquo;inspecter le syst\u00e8me par t\u00e9l\u00e9vision en circuit ferm\u00e9 \u00e0 distance, soit par la connexion d&rsquo;entr\u00e9e, les chambres d&rsquo;acc\u00e8s, les points d&rsquo;inspection ou les tuyaux sur les c\u00f4t\u00e9s du syst\u00e8me StormBrixx<sup>\u00ae<\/sup> d&rsquo;ACO. Cela permet d&rsquo;inspecter le syst\u00e8me pour v\u00e9rifier l&rsquo;accumulation de s\u00e9diments et de retirer les s\u00e9diments collect\u00e9s du syst\u00e8me d&rsquo;infiltration ou de les faire passer par un syst\u00e8me de r\u00e9tention\/r\u00e9tention.<\/p>\n<p>Comme les s\u00e9diments sont susceptibles de transporter des niveaux \u00e9lev\u00e9s de polluants, il est important que tout s\u00e9diment retir\u00e9 du syst\u00e8me soit \u00e9limin\u00e9 par un entrepreneur agr\u00e9\u00e9 et conform\u00e9ment aux r\u00e9glementations et codes locaux.<\/p>\n<\/div>\n<\/div>\n<p>[\/vc_column_text][\/vc_column][\/vc_row][vc_row][vc_column][vc_tta_tabs shape=\u00a0\u00bbsquare\u00a0\u00bb spacing=\u00a0\u00bb10&Prime; active_section=\u00a0\u00bb1&Prime;][vc_tta_section title=\u00a0\u00bbSyst\u00e8mes d&rsquo;infiltration\u00a0\u00bb tab_id=\u00a0\u00bbInfiltration\u00a0\u00bb][vc_column_text]<img decoding=\"async\" class=\"alignright size-full wp-image-1227\" src=\"https:\/\/acostormbrixx.ca\/wp-content\/uploads\/infiltration-systems.png\" alt=\"syst\u00e8mes d'infiltration\" width=\"250\" height=\"125\">Afin de v\u00e9rifier p\u00e9riodiquement l&rsquo;efficacit\u00e9 du StormBrixx<sup>\u00ae<\/sup> Si l&rsquo;on constate une diminution significative des taux d&rsquo;infiltration, le r\u00e9servoir d&rsquo;infiltration doit \u00eatre rempli par la chambre d&rsquo;inspection jusqu&rsquo;au niveau du radier du tuyau d&rsquo;entr\u00e9e.<\/p>\n<p>Il faut ensuite le rincer \u00e0 l&rsquo;eau afin d&rsquo;\u00e9liminer les s\u00e9diments et de d\u00e9bloquer le g\u00e9otextile.[\/vc_column_text][\/vc_tta_section][vc_tta_section title=\u00a0\u00bbSyst\u00e8mes de r\u00e9tention\/r\u00e9tention\u00a0\u00bb tab_id=\u00a0\u00bbDetentionRetention\u00a0\u00bb][vc_column_text]<\/p>\n<div class=\"vc_tta-panel-body\">\n<div class=\"wpb_text_column wpb_content_element \">\n<div class=\"wpb_wrapper\">\n<p>Afin de nettoyer le syst\u00e8me StormBrixx<sup>\u00ae<\/sup> ACO, si un pi\u00e8ge \u00e0 limon n&rsquo;a pas \u00e9t\u00e9 incorpor\u00e9, il sera n\u00e9cessaire de bloquer le dispositif de contr\u00f4le de l&rsquo;\u00e9coulement, et non le tuyau de d\u00e9bordement, avant de remplir le r\u00e9servoir jusqu&rsquo;au radier du tuyau d&rsquo;\u00e9vent. Le r\u00e9servoir doit \u00eatre rempli et rinc\u00e9 comme ci-dessus et l&rsquo;effluent d&rsquo;eau doit \u00eatre retir\u00e9 et \u00e9limin\u00e9 par un camion aspirateur avec pompe \u00e0 vide.<\/p>\n<p><img decoding=\"async\" class=\"alignright size-full wp-image-1229\" src=\"https:\/\/acostormbrixx.ca\/wp-content\/uploads\/retention-detention-systems.png\" alt=\"syst\u00e8mes de d\u00e9tention \/ r\u00e9tention\" width=\"250\" height=\"107\">La fr\u00e9quence d&rsquo;une proc\u00e9dure d&rsquo;entretien du r\u00e9servoir sera d\u00e9termin\u00e9e par le r\u00e9gime d&rsquo;inspection. Il est recommand\u00e9 de proc\u00e9der \u00e0 des inspections au moins deux fois par an, et au cours de la premi\u00e8re ann\u00e9e apr\u00e8s chaque \u00e9v\u00e9nement pluvieux important.<\/p>\n<p>Afin de minimiser l&rsquo;accumulation de limon, l&rsquo;ACO recommande l&rsquo;utilisation de syst\u00e8mes de pr\u00e9traitement en amont du syst\u00e8me de d\u00e9tention\/r\u00e9tention\/infiltration.<\/p>\n<\/div>\n<\/div>\n<\/div>\n<p>[\/vc_column_text][\/vc_tta_section][\/vc_tta_tabs][\/vc_column][\/vc_row]<\/p>\n","protected":false},"excerpt":{"rendered":"<p>[vc_row][vc_column][vc_empty_space height=\u00a0\u00bb25px\u00a0\u00bb][vc_custom_heading text=\u00a0\u00bbConseils d&rsquo;entretien et d&rsquo;inspection\u00a0\u00bb font_container=\u00a0\u00bbtag:h1|text_align:left\u00a0\u00bb use_theme_fonts=\u00a0\u00bbyes\u00a0\u00bb][vc_column_text] Proc\u00e9dures d&rsquo;entretien Il est important de noter que l&rsquo;incapacit\u00e9 \u00e0 contr\u00f4ler et \u00e0 \u00e9liminer l&rsquo;accumulation de s\u00e9diments dans les r\u00e9servoirs d&rsquo;eaux pluviales est la principale cause de d\u00e9faillance du syst\u00e8me. On peut utiliser un s\u00e9parateur de solides en suspension totale avant le traitement et, \u00e0 l&rsquo;occasion, incorporer [&hellip;]<\/p>\n","protected":false},"author":5,"featured_media":0,"parent":3582,"menu_order":0,"comment_status":"closed","ping_status":"closed","template":"","meta":{"footnotes":"","_links_to":"","_links_to_target":""},"class_list":["post-3607","page","type-page","status-publish","hentry"],"acf":[],"yoast_head":"<!-- This site is optimized with the Yoast SEO plugin v25.0 - https:\/\/yoast.com\/wordpress\/plugins\/seo\/ -->\n<title>Conseils d&#039;entretien et d&#039;inspection - ACO StormBrixx. Surface Stormwater Detention and Infiltration<\/title>\n<meta name=\"robots\" content=\"index, follow, max-snippet:-1, max-image-preview:large, max-video-preview:-1\" \/>\n<link rel=\"canonical\" href=\"https:\/\/acostormbrixx.ca\/fr\/support-produit\/maintenance-inspection\/\" \/>\n<meta property=\"og:locale\" content=\"fr_FR\" \/>\n<meta property=\"og:type\" content=\"article\" \/>\n<meta property=\"og:title\" content=\"Conseils d&#039;entretien et d&#039;inspection - ACO StormBrixx. Surface Stormwater Detention and Infiltration\" \/>\n<meta property=\"og:description\" content=\"[vc_row][vc_column][vc_empty_space height=\u00a0\u00bb25px\u00a0\u00bb][vc_custom_heading text=\u00a0\u00bbConseils d&rsquo;entretien et d&rsquo;inspection\u00a0\u00bb font_container=\u00a0\u00bbtag:h1|text_align:left\u00a0\u00bb use_theme_fonts=\u00a0\u00bbyes\u00a0\u00bb][vc_column_text] Proc\u00e9dures d&rsquo;entretien Il est important de noter que l&rsquo;incapacit\u00e9 \u00e0 contr\u00f4ler et \u00e0 \u00e9liminer l&rsquo;accumulation de s\u00e9diments dans les r\u00e9servoirs d&rsquo;eaux pluviales est la principale cause de d\u00e9faillance du syst\u00e8me. On peut utiliser un s\u00e9parateur de solides en suspension totale avant le traitement et, \u00e0 l&rsquo;occasion, incorporer [&hellip;]\" \/>\n<meta property=\"og:url\" content=\"https:\/\/acostormbrixx.ca\/fr\/support-produit\/maintenance-inspection\/\" \/>\n<meta property=\"og:site_name\" content=\"ACO StormBrixx. Surface Stormwater Detention and Infiltration\" \/>\n<meta property=\"article:modified_time\" content=\"2022-09-26T04:15:47+00:00\" \/>\n<meta property=\"og:image\" content=\"https:\/\/acostormbrixx.ca\/wp-content\/uploads\/maintenance.jpg\" \/>\n<meta name=\"twitter:card\" content=\"summary_large_image\" \/>\n<meta name=\"twitter:label1\" content=\"Dur\u00e9e de lecture estim\u00e9e\" \/>\n\t<meta name=\"twitter:data1\" content=\"3 minutes\" \/>\n<script type=\"application\/ld+json\" class=\"yoast-schema-graph\">{\"@context\":\"https:\/\/schema.org\",\"@graph\":[{\"@type\":\"WebPage\",\"@id\":\"https:\/\/acostormbrixx.ca\/fr\/support-produit\/maintenance-inspection\/\",\"url\":\"https:\/\/acostormbrixx.ca\/fr\/support-produit\/maintenance-inspection\/\",\"name\":\"Conseils d'entretien et d'inspection - ACO StormBrixx. Surface Stormwater Detention and Infiltration\",\"isPartOf\":{\"@id\":\"https:\/\/acostormbrixx.ca\/fr\/#website\"},\"primaryImageOfPage\":{\"@id\":\"https:\/\/acostormbrixx.ca\/fr\/support-produit\/maintenance-inspection\/#primaryimage\"},\"image\":{\"@id\":\"https:\/\/acostormbrixx.ca\/fr\/support-produit\/maintenance-inspection\/#primaryimage\"},\"thumbnailUrl\":\"https:\/\/acostormbrixx.ca\/wp-content\/uploads\/maintenance.jpg\",\"datePublished\":\"2022-09-23T18:32:00+00:00\",\"dateModified\":\"2022-09-26T04:15:47+00:00\",\"breadcrumb\":{\"@id\":\"https:\/\/acostormbrixx.ca\/fr\/support-produit\/maintenance-inspection\/#breadcrumb\"},\"inLanguage\":\"fr-FR\",\"potentialAction\":[{\"@type\":\"ReadAction\",\"target\":[\"https:\/\/acostormbrixx.ca\/fr\/support-produit\/maintenance-inspection\/\"]}]},{\"@type\":\"ImageObject\",\"inLanguage\":\"fr-FR\",\"@id\":\"https:\/\/acostormbrixx.ca\/fr\/support-produit\/maintenance-inspection\/#primaryimage\",\"url\":\"https:\/\/acostormbrixx.ca\/wp-content\/uploads\/maintenance.jpg\",\"contentUrl\":\"https:\/\/acostormbrixx.ca\/wp-content\/uploads\/maintenance.jpg\"},{\"@type\":\"BreadcrumbList\",\"@id\":\"https:\/\/acostormbrixx.ca\/fr\/support-produit\/maintenance-inspection\/#breadcrumb\",\"itemListElement\":[{\"@type\":\"ListItem\",\"position\":1,\"name\":\"Home\",\"item\":\"https:\/\/acostormbrixx.ca\/fr\/\"},{\"@type\":\"ListItem\",\"position\":2,\"name\":\"Support Produit\",\"item\":\"https:\/\/acostormbrixx.ca\/fr\/support-produit\/\"},{\"@type\":\"ListItem\",\"position\":3,\"name\":\"Conseils d&rsquo;entretien et d&rsquo;inspection\"}]},{\"@type\":\"WebSite\",\"@id\":\"https:\/\/acostormbrixx.ca\/fr\/#website\",\"url\":\"https:\/\/acostormbrixx.ca\/fr\/\",\"name\":\"ACO StormBrixx. Surface Stormwater Detention and Infiltration\",\"description\":\"Surface Stormwater Detention and Infiltration\",\"potentialAction\":[{\"@type\":\"SearchAction\",\"target\":{\"@type\":\"EntryPoint\",\"urlTemplate\":\"https:\/\/acostormbrixx.ca\/fr\/?s={search_term_string}\"},\"query-input\":{\"@type\":\"PropertyValueSpecification\",\"valueRequired\":true,\"valueName\":\"search_term_string\"}}],\"inLanguage\":\"fr-FR\"}]}<\/script>\n<!-- \/ Yoast SEO plugin. -->","yoast_head_json":{"title":"Conseils d'entretien et d'inspection - ACO StormBrixx. Surface Stormwater Detention and Infiltration","robots":{"index":"index","follow":"follow","max-snippet":"max-snippet:-1","max-image-preview":"max-image-preview:large","max-video-preview":"max-video-preview:-1"},"canonical":"https:\/\/acostormbrixx.ca\/fr\/support-produit\/maintenance-inspection\/","og_locale":"fr_FR","og_type":"article","og_title":"Conseils d'entretien et d'inspection - ACO StormBrixx. Surface Stormwater Detention and Infiltration","og_description":"[vc_row][vc_column][vc_empty_space height=\u00a0\u00bb25px\u00a0\u00bb][vc_custom_heading text=\u00a0\u00bbConseils d&rsquo;entretien et d&rsquo;inspection\u00a0\u00bb font_container=\u00a0\u00bbtag:h1|text_align:left\u00a0\u00bb use_theme_fonts=\u00a0\u00bbyes\u00a0\u00bb][vc_column_text] Proc\u00e9dures d&rsquo;entretien Il est important de noter que l&rsquo;incapacit\u00e9 \u00e0 contr\u00f4ler et \u00e0 \u00e9liminer l&rsquo;accumulation de s\u00e9diments dans les r\u00e9servoirs d&rsquo;eaux pluviales est la principale cause de d\u00e9faillance du syst\u00e8me. On peut utiliser un s\u00e9parateur de solides en suspension totale avant le traitement et, \u00e0 l&rsquo;occasion, incorporer [&hellip;]","og_url":"https:\/\/acostormbrixx.ca\/fr\/support-produit\/maintenance-inspection\/","og_site_name":"ACO StormBrixx. Surface Stormwater Detention and Infiltration","article_modified_time":"2022-09-26T04:15:47+00:00","og_image":[{"url":"https:\/\/acostormbrixx.ca\/wp-content\/uploads\/maintenance.jpg","type":"","width":"","height":""}],"twitter_card":"summary_large_image","twitter_misc":{"Dur\u00e9e de lecture estim\u00e9e":"3 minutes"},"schema":{"@context":"https:\/\/schema.org","@graph":[{"@type":"WebPage","@id":"https:\/\/acostormbrixx.ca\/fr\/support-produit\/maintenance-inspection\/","url":"https:\/\/acostormbrixx.ca\/fr\/support-produit\/maintenance-inspection\/","name":"Conseils d'entretien et d'inspection - ACO StormBrixx. Surface Stormwater Detention and Infiltration","isPartOf":{"@id":"https:\/\/acostormbrixx.ca\/fr\/#website"},"primaryImageOfPage":{"@id":"https:\/\/acostormbrixx.ca\/fr\/support-produit\/maintenance-inspection\/#primaryimage"},"image":{"@id":"https:\/\/acostormbrixx.ca\/fr\/support-produit\/maintenance-inspection\/#primaryimage"},"thumbnailUrl":"https:\/\/acostormbrixx.ca\/wp-content\/uploads\/maintenance.jpg","datePublished":"2022-09-23T18:32:00+00:00","dateModified":"2022-09-26T04:15:47+00:00","breadcrumb":{"@id":"https:\/\/acostormbrixx.ca\/fr\/support-produit\/maintenance-inspection\/#breadcrumb"},"inLanguage":"fr-FR","potentialAction":[{"@type":"ReadAction","target":["https:\/\/acostormbrixx.ca\/fr\/support-produit\/maintenance-inspection\/"]}]},{"@type":"ImageObject","inLanguage":"fr-FR","@id":"https:\/\/acostormbrixx.ca\/fr\/support-produit\/maintenance-inspection\/#primaryimage","url":"https:\/\/acostormbrixx.ca\/wp-content\/uploads\/maintenance.jpg","contentUrl":"https:\/\/acostormbrixx.ca\/wp-content\/uploads\/maintenance.jpg"},{"@type":"BreadcrumbList","@id":"https:\/\/acostormbrixx.ca\/fr\/support-produit\/maintenance-inspection\/#breadcrumb","itemListElement":[{"@type":"ListItem","position":1,"name":"Home","item":"https:\/\/acostormbrixx.ca\/fr\/"},{"@type":"ListItem","position":2,"name":"Support Produit","item":"https:\/\/acostormbrixx.ca\/fr\/support-produit\/"},{"@type":"ListItem","position":3,"name":"Conseils d&rsquo;entretien et d&rsquo;inspection"}]},{"@type":"WebSite","@id":"https:\/\/acostormbrixx.ca\/fr\/#website","url":"https:\/\/acostormbrixx.ca\/fr\/","name":"ACO StormBrixx. Surface Stormwater Detention and Infiltration","description":"Surface Stormwater Detention and Infiltration","potentialAction":[{"@type":"SearchAction","target":{"@type":"EntryPoint","urlTemplate":"https:\/\/acostormbrixx.ca\/fr\/?s={search_term_string}"},"query-input":{"@type":"PropertyValueSpecification","valueRequired":true,"valueName":"search_term_string"}}],"inLanguage":"fr-FR"}]}},"_links":{"self":[{"href":"https:\/\/acostormbrixx.ca\/fr\/wp-json\/wp\/v2\/pages\/3607","targetHints":{"allow":["GET"]}}],"collection":[{"href":"https:\/\/acostormbrixx.ca\/fr\/wp-json\/wp\/v2\/pages"}],"about":[{"href":"https:\/\/acostormbrixx.ca\/fr\/wp-json\/wp\/v2\/types\/page"}],"author":[{"embeddable":true,"href":"https:\/\/acostormbrixx.ca\/fr\/wp-json\/wp\/v2\/users\/5"}],"replies":[{"embeddable":true,"href":"https:\/\/acostormbrixx.ca\/fr\/wp-json\/wp\/v2\/comments?post=3607"}],"version-history":[{"count":0,"href":"https:\/\/acostormbrixx.ca\/fr\/wp-json\/wp\/v2\/pages\/3607\/revisions"}],"up":[{"embeddable":true,"href":"https:\/\/acostormbrixx.ca\/fr\/wp-json\/wp\/v2\/pages\/3582"}],"wp:attachment":[{"href":"https:\/\/acostormbrixx.ca\/fr\/wp-json\/wp\/v2\/media?parent=3607"}],"curies":[{"name":"wp","href":"https:\/\/api.w.org\/{rel}","templated":true}]}}