{"id":3582,"date":"2022-09-23T18:04:32","date_gmt":"2022-09-23T18:04:32","guid":{"rendered":"https:\/\/acostormbrixx.ca\/support-produit\/"},"modified":"2022-09-26T15:17:42","modified_gmt":"2022-09-26T15:17:42","slug":"support-produit","status":"publish","type":"page","link":"https:\/\/acostormbrixx.ca\/fr\/support-produit\/","title":{"rendered":"Support Produit"},"content":{"rendered":"<p>[vc_row][vc_column][vc_empty_space height=\u00a0\u00bb25px\u00a0\u00bb][vc_custom_heading text=\u00a0\u00bbSupport Produit\u00a0\u00bb font_container=\u00a0\u00bbtag:h1|text_align:left\u00a0\u00bb use_theme_fonts=\u00a0\u00bbyes\u00a0\u00bb][vc_column_text]<\/p>\n<div class=\"wpb_text_column wpb_content_element \">\n<div class=\"wpb_wrapper\">\n<p>Le d\u00e9partement des services techniques d&rsquo;ACO offre des conseils sans engagement pour s&rsquo;assurer que le bon produit est choisi.<\/p>\n<p>La recherche et le d\u00e9veloppement approfondis, tant de mani\u00e8re ind\u00e9pendante qu&rsquo;en collaboration avec des institutions universitaires et des organismes de recherche de premier plan, constituent la pierre angulaire du succ\u00e8s d&rsquo;ACO.<\/p>\n<p>Les formats d&rsquo;extension de fichier Revit et DWG sont disponibles pour faciliter la planification, la sp\u00e9cification et l&rsquo;installation.<\/p>\n<\/div>\n<\/div>\n<p>[\/vc_column_text][\/vc_column][\/vc_row][vc_row gap=\u00a0\u00bb25&Prime; equal_height=\u00a0\u00bbyes\u00a0\u00bb][vc_column width=\u00a0\u00bb1\/3&Prime; css=\u00a0\u00bb.vc_custom_1560236191392{padding-top: 15px !important;padding-right: 15px !important;padding-bottom: 15px !important;padding-left: 15px !important;background-color: #f3f3f3 !important;}\u00a0\u00bb][vc_column_text font_family=\u00a0\u00bbOpen Sans\u00a0\u00bb font_size=\u00a0\u00bb18&Prime; css=\u00a0\u00bb.vc_custom_1560309243449{margin-bottom: 15px !important;}\u00a0\u00bb font_weight=\u00a0\u00bb600&Prime;]<a href=\"https:\/\/acostormbrixx.ca\/fr\/support-produit\/telechargements\/\"><strong>T\u00e9l\u00e9chargements<\/strong><\/a>[\/vc_column_text][vc_column_text]<\/p>\n<div class=\"wpb_text_column wpb_content_element vc_custom_1552347912428\">\n<div class=\"wpb_wrapper\">\n<ul>\n<li>Catalogues<\/li>\n<li>Fiches d&rsquo;information sur les sp\u00e9cifications<\/li>\n<li>Fichiers d&rsquo;installation<\/li>\n<\/ul>\n<\/div>\n<\/div>\n<p>[\/vc_column_text][vc_single_image image=\u00a0\u00bb1741&Prime; img_size=\u00a0\u00bbfull\u00a0\u00bb onclick=\u00a0\u00bbcustom_link\u00a0\u00bb link=\u00a0\u00bbhttps:\/\/acostormbrixx.ca\/fr\/support-produit\/telechargements\/\u00a0\u00bb][\/vc_column][vc_column width=\u00a0\u00bb1\/3&Prime; css=\u00a0\u00bb.vc_custom_1560236199507{padding-top: 15px !important;padding-right: 15px !important;padding-bottom: 15px !important;padding-left: 15px !important;background-color: #f3f3f3 !important;}\u00a0\u00bb][vc_column_text font_family=\u00a0\u00bbOpen Sans\u00a0\u00bb font_size=\u00a0\u00bb18&Prime; css=\u00a0\u00bb.vc_custom_1560323220716{margin-bottom: 15px !important;}\u00a0\u00bb font_weight=\u00a0\u00bb600&Prime;]<a href=\"https:\/\/acostormbrixx.ca\/fr\/support-produit\/transport-logistique\/\"><strong>Transport et logistique<\/strong><\/a>[\/vc_column_text][vc_single_image image=\u00a0\u00bb1743&Prime; img_size=\u00a0\u00bbfull\u00a0\u00bb onclick=\u00a0\u00bbcustom_link\u00a0\u00bb link=\u00a0\u00bbhttps:\/\/acostormbrixx.ca\/fr\/support-produit\/transport-logistique\/\u00a0\u00bb][\/vc_column][vc_column width=\u00a0\u00bb1\/3&Prime; css=\u00a0\u00bb.vc_custom_1560387994390{padding-top: 15px !important;padding-right: 15px !important;padding-bottom: 15px !important;padding-left: 15px !important;background-color: #f3f3f3 !important;}\u00a0\u00bb][vc_column_text font_family=\u00a0\u00bbOpen Sans\u00a0\u00bb font_size=\u00a0\u00bb18&Prime; css=\u00a0\u00bb.vc_custom_1560388102559{margin-bottom: 15px !important;}\u00a0\u00bb font_weight=\u00a0\u00bb600&Prime;]<a href=\"https:\/\/acostormbrixx.ca\/fr\/support-produit\/avantages-controle-des-flux\/\"><strong>Avantages du contr\u00f4le du d\u00e9bit<\/strong><\/a>[\/vc_column_text][vc_single_image image=\u00a0\u00bb1366&Prime; img_size=\u00a0\u00bbfull\u00a0\u00bb onclick=\u00a0\u00bbcustom_link\u00a0\u00bb link=\u00a0\u00bbhttps:\/\/acostormbrixx.ca\/fr\/support-produit\/avantages-controle-des-flux\/\u00a0\u00bb][\/vc_column][\/vc_row][vc_row gap=\u00a0\u00bb25&Prime; equal_height=\u00a0\u00bbyes\u00a0\u00bb][vc_column width=\u00a0\u00bb1\/3&Prime; css=\u00a0\u00bb.vc_custom_1560236191392{padding-top: 15px !important;padding-right: 15px !important;padding-bottom: 15px !important;padding-left: 15px !important;background-color: #f3f3f3 !important;}\u00a0\u00bb][vc_column_text font_family=\u00a0\u00bbOpen Sans\u00a0\u00bb font_size=\u00a0\u00bb18&Prime; css=\u00a0\u00bb.vc_custom_1560313472643{margin-bottom: 15px !important;}\u00a0\u00bb font_weight=\u00a0\u00bb600&Prime;]<a href=\"https:\/\/acostormbrixx.ca\/fr\/support-produit\/support-de-projet\/\"><strong>Soutien aux projets<\/strong><\/a>[\/vc_column_text][vc_single_image image=\u00a0\u00bb1160&Prime; img_size=\u00a0\u00bbfull\u00a0\u00bb onclick=\u00a0\u00bbcustom_link\u00a0\u00bb link=\u00a0\u00bbhttps:\/\/acostormbrixx.ca\/fr\/support-produit\/support-de-projet\/\u00a0\u00bb][\/vc_column][vc_column width=\u00a0\u00bb1\/3&Prime; css=\u00a0\u00bb.vc_custom_1560236199507{padding-top: 15px !important;padding-right: 15px !important;padding-bottom: 15px !important;padding-left: 15px !important;background-color: #f3f3f3 !important;}\u00a0\u00bb][vc_column_text font_family=\u00a0\u00bbOpen Sans\u00a0\u00bb font_size=\u00a0\u00bb18&Prime; css=\u00a0\u00bb.vc_custom_1560313490207{margin-bottom: 15px !important;}\u00a0\u00bb font_weight=\u00a0\u00bb600&Prime;]<a href=\"https:\/\/acostormbrixx.ca\/fr\/support-produit\/demande-assistance-technique\/\"><strong>Demander une assistance technique<\/strong><\/a>[\/vc_column_text][vc_single_image image=\u00a0\u00bb1162&Prime; img_size=\u00a0\u00bbfull\u00a0\u00bb onclick=\u00a0\u00bbcustom_link\u00a0\u00bb link=\u00a0\u00bbhttps:\/\/acostormbrixx.ca\/fr\/support-produit\/demande-assistance-technique\/\u00a0\u00bb][\/vc_column][vc_column width=\u00a0\u00bb1\/3&Prime; css=\u00a0\u00bb.vc_custom_1560236210922{padding-top: 15px !important;padding-right: 15px !important;padding-bottom: 15px !important;padding-left: 15px !important;background-color: #f3f3f3 !important;}\u00a0\u00bb][vc_column_text font_family=\u00a0\u00bbOpen Sans\u00a0\u00bb font_size=\u00a0\u00bb18&Prime; css=\u00a0\u00bb.vc_custom_1565239577976{margin-bottom: 15px !important;}\u00a0\u00bb font_weight=\u00a0\u00bb600&Prime;]<a href=\"https:\/\/www.acousa.com\/service\/\" target=\"_blank\" rel=\"noopener noreferrer\"><strong>Demande de formation<\/strong><\/a>[\/vc_column_text][vc_single_image image=\u00a0\u00bb1774&Prime; img_size=\u00a0\u00bbfull\u00a0\u00bb onclick=\u00a0\u00bbcustom_link\u00a0\u00bb link=\u00a0\u00bbhttps:\/\/www.acousa.com\/service\/\u00a0\u00bb][\/vc_column][\/vc_row]<\/p>\n","protected":false},"excerpt":{"rendered":"<p>[vc_row][vc_column][vc_empty_space height=\u00a0\u00bb25px\u00a0\u00bb][vc_custom_heading text=\u00a0\u00bbSupport Produit\u00a0\u00bb font_container=\u00a0\u00bbtag:h1|text_align:left\u00a0\u00bb use_theme_fonts=\u00a0\u00bbyes\u00a0\u00bb][vc_column_text] Le d\u00e9partement des services techniques d&rsquo;ACO offre des conseils sans engagement pour s&rsquo;assurer que le bon produit est choisi. La recherche et le d\u00e9veloppement approfondis, tant de mani\u00e8re ind\u00e9pendante qu&rsquo;en collaboration avec des institutions universitaires et des organismes de recherche de premier plan, constituent la pierre angulaire du succ\u00e8s [&hellip;]<\/p>\n","protected":false},"author":5,"featured_media":0,"parent":0,"menu_order":0,"comment_status":"closed","ping_status":"closed","template":"","meta":{"footnotes":"","_links_to":"","_links_to_target":""},"class_list":["post-3582","page","type-page","status-publish","hentry"],"acf":[],"yoast_head":"<!-- This site is optimized with the Yoast SEO plugin v25.0 - https:\/\/yoast.com\/wordpress\/plugins\/seo\/ -->\n<title>Support Produit - ACO StormBrixx. Surface Stormwater Detention and Infiltration<\/title>\n<meta name=\"robots\" content=\"index, follow, max-snippet:-1, max-image-preview:large, max-video-preview:-1\" \/>\n<link rel=\"canonical\" href=\"https:\/\/acostormbrixx.ca\/fr\/support-produit\/\" \/>\n<meta property=\"og:locale\" content=\"fr_FR\" \/>\n<meta property=\"og:type\" content=\"article\" \/>\n<meta property=\"og:title\" content=\"Support Produit - ACO StormBrixx. Surface Stormwater Detention and Infiltration\" \/>\n<meta property=\"og:description\" content=\"[vc_row][vc_column][vc_empty_space height=\u00a0\u00bb25px\u00a0\u00bb][vc_custom_heading text=\u00a0\u00bbSupport Produit\u00a0\u00bb font_container=\u00a0\u00bbtag:h1|text_align:left\u00a0\u00bb use_theme_fonts=\u00a0\u00bbyes\u00a0\u00bb][vc_column_text] Le d\u00e9partement des services techniques d&rsquo;ACO offre des conseils sans engagement pour s&rsquo;assurer que le bon produit est choisi. La recherche et le d\u00e9veloppement approfondis, tant de mani\u00e8re ind\u00e9pendante qu&rsquo;en collaboration avec des institutions universitaires et des organismes de recherche de premier plan, constituent la pierre angulaire du succ\u00e8s [&hellip;]\" \/>\n<meta property=\"og:url\" content=\"https:\/\/acostormbrixx.ca\/fr\/support-produit\/\" \/>\n<meta property=\"og:site_name\" content=\"ACO StormBrixx. Surface Stormwater Detention and Infiltration\" \/>\n<meta property=\"article:modified_time\" content=\"2022-09-26T15:17:42+00:00\" \/>\n<meta name=\"twitter:card\" content=\"summary_large_image\" \/>\n<meta name=\"twitter:label1\" content=\"Dur\u00e9e de lecture estim\u00e9e\" \/>\n\t<meta name=\"twitter:data1\" content=\"2 minutes\" \/>\n<script type=\"application\/ld+json\" class=\"yoast-schema-graph\">{\"@context\":\"https:\/\/schema.org\",\"@graph\":[{\"@type\":\"WebPage\",\"@id\":\"https:\/\/acostormbrixx.ca\/fr\/support-produit\/\",\"url\":\"https:\/\/acostormbrixx.ca\/fr\/support-produit\/\",\"name\":\"Support Produit - ACO StormBrixx. Surface Stormwater Detention and Infiltration\",\"isPartOf\":{\"@id\":\"https:\/\/acostormbrixx.ca\/fr\/#website\"},\"datePublished\":\"2022-09-23T18:04:32+00:00\",\"dateModified\":\"2022-09-26T15:17:42+00:00\",\"breadcrumb\":{\"@id\":\"https:\/\/acostormbrixx.ca\/fr\/support-produit\/#breadcrumb\"},\"inLanguage\":\"fr-FR\",\"potentialAction\":[{\"@type\":\"ReadAction\",\"target\":[\"https:\/\/acostormbrixx.ca\/fr\/support-produit\/\"]}]},{\"@type\":\"BreadcrumbList\",\"@id\":\"https:\/\/acostormbrixx.ca\/fr\/support-produit\/#breadcrumb\",\"itemListElement\":[{\"@type\":\"ListItem\",\"position\":1,\"name\":\"Home\",\"item\":\"https:\/\/acostormbrixx.ca\/fr\/\"},{\"@type\":\"ListItem\",\"position\":2,\"name\":\"Support Produit\"}]},{\"@type\":\"WebSite\",\"@id\":\"https:\/\/acostormbrixx.ca\/fr\/#website\",\"url\":\"https:\/\/acostormbrixx.ca\/fr\/\",\"name\":\"ACO StormBrixx. Surface Stormwater Detention and Infiltration\",\"description\":\"Surface Stormwater Detention and Infiltration\",\"potentialAction\":[{\"@type\":\"SearchAction\",\"target\":{\"@type\":\"EntryPoint\",\"urlTemplate\":\"https:\/\/acostormbrixx.ca\/fr\/?s={search_term_string}\"},\"query-input\":{\"@type\":\"PropertyValueSpecification\",\"valueRequired\":true,\"valueName\":\"search_term_string\"}}],\"inLanguage\":\"fr-FR\"}]}<\/script>\n<!-- \/ Yoast SEO plugin. -->","yoast_head_json":{"title":"Support Produit - ACO StormBrixx. Surface Stormwater Detention and Infiltration","robots":{"index":"index","follow":"follow","max-snippet":"max-snippet:-1","max-image-preview":"max-image-preview:large","max-video-preview":"max-video-preview:-1"},"canonical":"https:\/\/acostormbrixx.ca\/fr\/support-produit\/","og_locale":"fr_FR","og_type":"article","og_title":"Support Produit - ACO StormBrixx. Surface Stormwater Detention and Infiltration","og_description":"[vc_row][vc_column][vc_empty_space height=\u00a0\u00bb25px\u00a0\u00bb][vc_custom_heading text=\u00a0\u00bbSupport Produit\u00a0\u00bb font_container=\u00a0\u00bbtag:h1|text_align:left\u00a0\u00bb use_theme_fonts=\u00a0\u00bbyes\u00a0\u00bb][vc_column_text] Le d\u00e9partement des services techniques d&rsquo;ACO offre des conseils sans engagement pour s&rsquo;assurer que le bon produit est choisi. La recherche et le d\u00e9veloppement approfondis, tant de mani\u00e8re ind\u00e9pendante qu&rsquo;en collaboration avec des institutions universitaires et des organismes de recherche de premier plan, constituent la pierre angulaire du succ\u00e8s [&hellip;]","og_url":"https:\/\/acostormbrixx.ca\/fr\/support-produit\/","og_site_name":"ACO StormBrixx. Surface Stormwater Detention and Infiltration","article_modified_time":"2022-09-26T15:17:42+00:00","twitter_card":"summary_large_image","twitter_misc":{"Dur\u00e9e de lecture estim\u00e9e":"2 minutes"},"schema":{"@context":"https:\/\/schema.org","@graph":[{"@type":"WebPage","@id":"https:\/\/acostormbrixx.ca\/fr\/support-produit\/","url":"https:\/\/acostormbrixx.ca\/fr\/support-produit\/","name":"Support Produit - ACO StormBrixx. Surface Stormwater Detention and Infiltration","isPartOf":{"@id":"https:\/\/acostormbrixx.ca\/fr\/#website"},"datePublished":"2022-09-23T18:04:32+00:00","dateModified":"2022-09-26T15:17:42+00:00","breadcrumb":{"@id":"https:\/\/acostormbrixx.ca\/fr\/support-produit\/#breadcrumb"},"inLanguage":"fr-FR","potentialAction":[{"@type":"ReadAction","target":["https:\/\/acostormbrixx.ca\/fr\/support-produit\/"]}]},{"@type":"BreadcrumbList","@id":"https:\/\/acostormbrixx.ca\/fr\/support-produit\/#breadcrumb","itemListElement":[{"@type":"ListItem","position":1,"name":"Home","item":"https:\/\/acostormbrixx.ca\/fr\/"},{"@type":"ListItem","position":2,"name":"Support Produit"}]},{"@type":"WebSite","@id":"https:\/\/acostormbrixx.ca\/fr\/#website","url":"https:\/\/acostormbrixx.ca\/fr\/","name":"ACO StormBrixx. Surface Stormwater Detention and Infiltration","description":"Surface Stormwater Detention and Infiltration","potentialAction":[{"@type":"SearchAction","target":{"@type":"EntryPoint","urlTemplate":"https:\/\/acostormbrixx.ca\/fr\/?s={search_term_string}"},"query-input":{"@type":"PropertyValueSpecification","valueRequired":true,"valueName":"search_term_string"}}],"inLanguage":"fr-FR"}]}},"_links":{"self":[{"href":"https:\/\/acostormbrixx.ca\/fr\/wp-json\/wp\/v2\/pages\/3582","targetHints":{"allow":["GET"]}}],"collection":[{"href":"https:\/\/acostormbrixx.ca\/fr\/wp-json\/wp\/v2\/pages"}],"about":[{"href":"https:\/\/acostormbrixx.ca\/fr\/wp-json\/wp\/v2\/types\/page"}],"author":[{"embeddable":true,"href":"https:\/\/acostormbrixx.ca\/fr\/wp-json\/wp\/v2\/users\/5"}],"replies":[{"embeddable":true,"href":"https:\/\/acostormbrixx.ca\/fr\/wp-json\/wp\/v2\/comments?post=3582"}],"version-history":[{"count":0,"href":"https:\/\/acostormbrixx.ca\/fr\/wp-json\/wp\/v2\/pages\/3582\/revisions"}],"wp:attachment":[{"href":"https:\/\/acostormbrixx.ca\/fr\/wp-json\/wp\/v2\/media?parent=3582"}],"curies":[{"name":"wp","href":"https:\/\/api.w.org\/{rel}","templated":true}]}}