{"id":3568,"date":"2022-09-23T13:36:36","date_gmt":"2022-09-23T13:36:36","guid":{"rendered":"https:\/\/acostormbrixx.ca\/acces-et-maintenance\/"},"modified":"2022-09-26T09:49:15","modified_gmt":"2022-09-26T09:49:15","slug":"acces-maintenance","status":"publish","type":"page","link":"https:\/\/acostormbrixx.ca\/fr\/acces-maintenance\/","title":{"rendered":"Acc\u00e8s et Maintenance"},"content":{"rendered":"<p>[vc_row][vc_column][vc_empty_space height=\u00a0\u00bb25px\u00a0\u00bb][\/vc_column][\/vc_row][vc_row][vc_column width=\u00a0\u00bb1\/2&Prime;][vc_column_text]<strong>R\u00e9pondre au besoin d&rsquo;acc\u00e8s<\/strong><\/p>\n<p>StormBrixx r\u00e9pond \u00e0 l&rsquo;exigence fondamentale de l&rsquo;acc\u00e8s et de l&rsquo;entretien des syst\u00e8mes de r\u00e9tention et d&rsquo;infiltration. De nombreuses villes, les services publics et les autorit\u00e9s de conservation stipulent maintenant des r\u00e9gimes d&rsquo;entretien minimum lorsqu&rsquo;ils approuvent l&rsquo;utilisation de structures g\u00e9o-cellulaires, StormBrixx peut r\u00e9pondre \u00e0 toutes ces exigences.[\/vc_column_text][\/vc_column][vc_column width=\u00a0\u00bb1\/2&Prime;][vc_column_text]<img decoding=\"async\" class=\"alignnone size-medium wp-image-1391\" src=\"https:\/\/acostormbrixx.ca\/wp-content\/uploads\/meeting-the-needs-for-access-300x209.jpg\" alt=\"r\u00e9pondre aux besoins d'acc\u00e8s\" width=\"300\" height=\"209\" srcset=\"https:\/\/acostormbrixx.ca\/wp-content\/uploads\/meeting-the-needs-for-access-300x209.jpg 300w, https:\/\/acostormbrixx.ca\/wp-content\/uploads\/meeting-the-needs-for-access.jpg 423w\" sizes=\"(max-width: 300px) 100vw, 300px\" \/>[\/vc_column_text][\/vc_column][\/vc_row][vc_row][vc_column width=\u00a0\u00bb1\/2&Prime;][vc_column_text]<strong>Inspection et maintenance<\/strong><\/p>\n<p>Le syst\u00e8me complet, y compris toutes les extr\u00e9mit\u00e9s, peut \u00eatre inspect\u00e9 et entretenu \u00e0 partir de quelques points d&rsquo;acc\u00e8s seulement.<\/p>\n<p>La cam\u00e9ra d&rsquo;inspection, ou t\u00eate de projection, est ins\u00e9r\u00e9e verticalement dans l&rsquo;orifice d&rsquo;acc\u00e8s.<br \/>\narbres int\u00e9gr\u00e9s dans la structure du StormBrixx. Les points d&rsquo;acc\u00e8s permettent une maintenance et une inspection optimales du syst\u00e8me dans le sens longitudinal et transversal.[\/vc_column_text][\/vc_column][vc_column width=\u00a0\u00bb1\/2&Prime;][vc_column_text]<img decoding=\"async\" class=\"alignnone size-medium wp-image-1393\" src=\"https:\/\/acostormbrixx.ca\/wp-content\/uploads\/inspection-maintenance-300x209.jpg\" alt=\"inspection maintenance\" width=\"300\" height=\"209\" srcset=\"https:\/\/acostormbrixx.ca\/wp-content\/uploads\/inspection-maintenance-300x209.jpg 300w, https:\/\/acostormbrixx.ca\/wp-content\/uploads\/inspection-maintenance.jpg 423w\" sizes=\"(max-width: 300px) 100vw, 300px\" \/><\/p>\n<p>Les cam\u00e9ras d&rsquo;inspection sont introduites verticalement dans le syst\u00e8me d&rsquo;infiltration par les parties sup\u00e9rieures du StormBrixx et les sections interm\u00e9diaires et inf\u00e9rieures du puits.[\/vc_column_text][\/vc_column][\/vc_row][vc_row][vc_column][vc_empty_space height=\u00a0\u00bb25px\u00a0\u00bb][\/vc_column][\/vc_row][vc_row][vc_column width=\u00a0\u00bb1\/2&Prime;][vc_column_text]<strong><img decoding=\"async\" class=\"alignnone size-medium wp-image-1397\" src=\"https:\/\/acostormbrixx.ca\/wp-content\/uploads\/open-cell-structure-300x288.jpg\" alt=\"structure \u00e0 cellules ouvertes\" width=\"300\" height=\"288\" srcset=\"https:\/\/acostormbrixx.ca\/wp-content\/uploads\/open-cell-structure-300x288.jpg 300w, https:\/\/acostormbrixx.ca\/wp-content\/uploads\/open-cell-structure.jpg 576w\" sizes=\"(max-width: 300px) 100vw, 300px\" \/><\/strong><\/p>\n<p><strong>Structure cellulaire ouverte<\/strong><\/p>\n<p>Avec une capacit\u00e9 de vide de 95 % et 97 %, pour les StormBrixx HD et StormBrixx SD respectivement, la structure \u00e0 cellules ouvertes permet un acc\u00e8s totalement libre pour les \u00e9quipements de vid\u00e9osurveillance et de jet.[\/vc_column_text][\/vc_column][vc_column width=\u00a0\u00bb1\/2&Prime;][vc_column_text]<img decoding=\"async\" class=\"alignnone size-medium wp-image-1397\" src=\"https:\/\/acostormbrixx.ca\/wp-content\/uploads\/open-cell-structure-300x288.jpg\" alt=\"structure \u00e0 cellules ouvertes\" width=\"300\" height=\"288\" srcset=\"https:\/\/acostormbrixx.ca\/wp-content\/uploads\/open-cell-structure-300x288.jpg 300w, https:\/\/acostormbrixx.ca\/wp-content\/uploads\/open-cell-structure.jpg 576w\" sizes=\"(max-width: 300px) 100vw, 300px\" \/>[\/vc_column_text][\/vc_column][\/vc_row][vc_row][vc_column width=\u00a0\u00bb1\/3&Prime;][vc_column_text]<img decoding=\"async\" class=\"alignnone size-medium wp-image-1401\" src=\"https:\/\/acostormbrixx.ca\/wp-content\/uploads\/inspection-camera-282x300.jpg\" alt=\"cam\u00e9ra d'inspection\" width=\"282\" height=\"300\" srcset=\"https:\/\/acostormbrixx.ca\/wp-content\/uploads\/inspection-camera-282x300.jpg 282w, https:\/\/acostormbrixx.ca\/wp-content\/uploads\/inspection-camera.jpg 306w\" sizes=\"(max-width: 282px) 100vw, 282px\" \/><\/p>\n<p>Les cam\u00e9ras d&rsquo;inspection \u00e0 diapositives peuvent \u00eatre facilement utilis\u00e9es dans le syst\u00e8me StormBrixx.[\/vc_column_text][\/vc_column][vc_column width=\u00a0\u00bb1\/3&Prime;][vc_column_text]<img decoding=\"async\" class=\"alignnone size-medium wp-image-1399\" src=\"https:\/\/acostormbrixx.ca\/wp-content\/uploads\/cleaning-equipment-281x300.jpg\" alt=\"\u00e9quipement de nettoyage\" width=\"281\" height=\"300\" srcset=\"https:\/\/acostormbrixx.ca\/wp-content\/uploads\/cleaning-equipment-281x300.jpg 281w, https:\/\/acostormbrixx.ca\/wp-content\/uploads\/cleaning-equipment.jpg 303w\" sizes=\"(max-width: 281px) 100vw, 281px\" \/><\/p>\n<p>\u00c9quipement de nettoyage avec une t\u00eate de projection. Les d\u00e9p\u00f4ts qui peuvent se trouver dans le syst\u00e8me peuvent \u00eatre jet\u00e9s sous pression et aspir\u00e9s en m\u00eame temps.[\/vc_column_text][\/vc_column][vc_column width=\u00a0\u00bb1\/3&Prime;][\/vc_column][\/vc_row]<\/p>\n","protected":false},"excerpt":{"rendered":"<p>[vc_row][vc_column][vc_empty_space height=\u00a0\u00bb25px\u00a0\u00bb][\/vc_column][\/vc_row][vc_row][vc_column width=\u00a0\u00bb1\/2&Prime;][vc_column_text]R\u00e9pondre au besoin d&rsquo;acc\u00e8s StormBrixx r\u00e9pond \u00e0 l&rsquo;exigence fondamentale de l&rsquo;acc\u00e8s et de l&rsquo;entretien des syst\u00e8mes de r\u00e9tention et d&rsquo;infiltration. De nombreuses villes, les services publics et les autorit\u00e9s de conservation stipulent maintenant des r\u00e9gimes d&rsquo;entretien minimum lorsqu&rsquo;ils approuvent l&rsquo;utilisation de structures g\u00e9o-cellulaires, StormBrixx peut r\u00e9pondre \u00e0 toutes ces exigences.[\/vc_column_text][\/vc_column][vc_column width=\u00a0\u00bb1\/2&Prime;][vc_column_text][\/vc_column_text][\/vc_column][\/vc_row][vc_row][vc_column width=\u00a0\u00bb1\/2&Prime;][vc_column_text]Inspection et [&hellip;]<\/p>\n","protected":false},"author":5,"featured_media":0,"parent":0,"menu_order":0,"comment_status":"closed","ping_status":"closed","template":"","meta":{"footnotes":"","_links_to":"","_links_to_target":""},"class_list":["post-3568","page","type-page","status-publish","hentry"],"acf":[],"yoast_head":"<!-- This site is optimized with the Yoast SEO plugin v25.0 - https:\/\/yoast.com\/wordpress\/plugins\/seo\/ -->\n<title>Acc\u00e8s et Maintenance - ACO StormBrixx. Surface Stormwater Detention and Infiltration<\/title>\n<meta name=\"robots\" content=\"index, follow, max-snippet:-1, max-image-preview:large, max-video-preview:-1\" \/>\n<link rel=\"canonical\" href=\"https:\/\/acostormbrixx.ca\/fr\/acces-maintenance\/\" \/>\n<meta property=\"og:locale\" content=\"fr_FR\" \/>\n<meta property=\"og:type\" content=\"article\" \/>\n<meta property=\"og:title\" content=\"Acc\u00e8s et Maintenance - ACO StormBrixx. Surface Stormwater Detention and Infiltration\" \/>\n<meta property=\"og:description\" content=\"[vc_row][vc_column][vc_empty_space height=\u00a0\u00bb25px\u00a0\u00bb][\/vc_column][\/vc_row][vc_row][vc_column width=\u00a0\u00bb1\/2&Prime;][vc_column_text]R\u00e9pondre au besoin d&rsquo;acc\u00e8s StormBrixx r\u00e9pond \u00e0 l&rsquo;exigence fondamentale de l&rsquo;acc\u00e8s et de l&rsquo;entretien des syst\u00e8mes de r\u00e9tention et d&rsquo;infiltration. De nombreuses villes, les services publics et les autorit\u00e9s de conservation stipulent maintenant des r\u00e9gimes d&rsquo;entretien minimum lorsqu&rsquo;ils approuvent l&rsquo;utilisation de structures g\u00e9o-cellulaires, StormBrixx peut r\u00e9pondre \u00e0 toutes ces exigences.[\/vc_column_text][\/vc_column][vc_column width=\u00a0\u00bb1\/2&Prime;][vc_column_text][\/vc_column_text][\/vc_column][\/vc_row][vc_row][vc_column width=\u00a0\u00bb1\/2&Prime;][vc_column_text]Inspection et [&hellip;]\" \/>\n<meta property=\"og:url\" content=\"https:\/\/acostormbrixx.ca\/fr\/acces-maintenance\/\" \/>\n<meta property=\"og:site_name\" content=\"ACO StormBrixx. Surface Stormwater Detention and Infiltration\" \/>\n<meta property=\"article:modified_time\" content=\"2022-09-26T09:49:15+00:00\" \/>\n<meta property=\"og:image\" content=\"https:\/\/acostormbrixx.ca\/wp-content\/uploads\/meeting-the-needs-for-access-300x209.jpg\" \/>\n<meta name=\"twitter:card\" content=\"summary_large_image\" \/>\n<meta name=\"twitter:label1\" content=\"Dur\u00e9e de lecture estim\u00e9e\" \/>\n\t<meta name=\"twitter:data1\" content=\"2 minutes\" \/>\n<script type=\"application\/ld+json\" class=\"yoast-schema-graph\">{\"@context\":\"https:\/\/schema.org\",\"@graph\":[{\"@type\":\"WebPage\",\"@id\":\"https:\/\/acostormbrixx.ca\/fr\/acces-maintenance\/\",\"url\":\"https:\/\/acostormbrixx.ca\/fr\/acces-maintenance\/\",\"name\":\"Acc\u00e8s et Maintenance - ACO StormBrixx. Surface Stormwater Detention and Infiltration\",\"isPartOf\":{\"@id\":\"https:\/\/acostormbrixx.ca\/fr\/#website\"},\"primaryImageOfPage\":{\"@id\":\"https:\/\/acostormbrixx.ca\/fr\/acces-maintenance\/#primaryimage\"},\"image\":{\"@id\":\"https:\/\/acostormbrixx.ca\/fr\/acces-maintenance\/#primaryimage\"},\"thumbnailUrl\":\"https:\/\/acostormbrixx.ca\/wp-content\/uploads\/meeting-the-needs-for-access-300x209.jpg\",\"datePublished\":\"2022-09-23T13:36:36+00:00\",\"dateModified\":\"2022-09-26T09:49:15+00:00\",\"breadcrumb\":{\"@id\":\"https:\/\/acostormbrixx.ca\/fr\/acces-maintenance\/#breadcrumb\"},\"inLanguage\":\"fr-FR\",\"potentialAction\":[{\"@type\":\"ReadAction\",\"target\":[\"https:\/\/acostormbrixx.ca\/fr\/acces-maintenance\/\"]}]},{\"@type\":\"ImageObject\",\"inLanguage\":\"fr-FR\",\"@id\":\"https:\/\/acostormbrixx.ca\/fr\/acces-maintenance\/#primaryimage\",\"url\":\"https:\/\/acostormbrixx.ca\/wp-content\/uploads\/meeting-the-needs-for-access-300x209.jpg\",\"contentUrl\":\"https:\/\/acostormbrixx.ca\/wp-content\/uploads\/meeting-the-needs-for-access-300x209.jpg\"},{\"@type\":\"BreadcrumbList\",\"@id\":\"https:\/\/acostormbrixx.ca\/fr\/acces-maintenance\/#breadcrumb\",\"itemListElement\":[{\"@type\":\"ListItem\",\"position\":1,\"name\":\"Home\",\"item\":\"https:\/\/acostormbrixx.ca\/fr\/\"},{\"@type\":\"ListItem\",\"position\":2,\"name\":\"Acc\u00e8s et Maintenance\"}]},{\"@type\":\"WebSite\",\"@id\":\"https:\/\/acostormbrixx.ca\/fr\/#website\",\"url\":\"https:\/\/acostormbrixx.ca\/fr\/\",\"name\":\"ACO StormBrixx. Surface Stormwater Detention and Infiltration\",\"description\":\"Surface Stormwater Detention and Infiltration\",\"potentialAction\":[{\"@type\":\"SearchAction\",\"target\":{\"@type\":\"EntryPoint\",\"urlTemplate\":\"https:\/\/acostormbrixx.ca\/fr\/?s={search_term_string}\"},\"query-input\":{\"@type\":\"PropertyValueSpecification\",\"valueRequired\":true,\"valueName\":\"search_term_string\"}}],\"inLanguage\":\"fr-FR\"}]}<\/script>\n<!-- \/ Yoast SEO plugin. -->","yoast_head_json":{"title":"Acc\u00e8s et Maintenance - ACO StormBrixx. Surface Stormwater Detention and Infiltration","robots":{"index":"index","follow":"follow","max-snippet":"max-snippet:-1","max-image-preview":"max-image-preview:large","max-video-preview":"max-video-preview:-1"},"canonical":"https:\/\/acostormbrixx.ca\/fr\/acces-maintenance\/","og_locale":"fr_FR","og_type":"article","og_title":"Acc\u00e8s et Maintenance - ACO StormBrixx. Surface Stormwater Detention and Infiltration","og_description":"[vc_row][vc_column][vc_empty_space height=\u00a0\u00bb25px\u00a0\u00bb][\/vc_column][\/vc_row][vc_row][vc_column width=\u00a0\u00bb1\/2&Prime;][vc_column_text]R\u00e9pondre au besoin d&rsquo;acc\u00e8s StormBrixx r\u00e9pond \u00e0 l&rsquo;exigence fondamentale de l&rsquo;acc\u00e8s et de l&rsquo;entretien des syst\u00e8mes de r\u00e9tention et d&rsquo;infiltration. De nombreuses villes, les services publics et les autorit\u00e9s de conservation stipulent maintenant des r\u00e9gimes d&rsquo;entretien minimum lorsqu&rsquo;ils approuvent l&rsquo;utilisation de structures g\u00e9o-cellulaires, StormBrixx peut r\u00e9pondre \u00e0 toutes ces exigences.[\/vc_column_text][\/vc_column][vc_column width=\u00a0\u00bb1\/2&Prime;][vc_column_text][\/vc_column_text][\/vc_column][\/vc_row][vc_row][vc_column width=\u00a0\u00bb1\/2&Prime;][vc_column_text]Inspection et [&hellip;]","og_url":"https:\/\/acostormbrixx.ca\/fr\/acces-maintenance\/","og_site_name":"ACO StormBrixx. Surface Stormwater Detention and Infiltration","article_modified_time":"2022-09-26T09:49:15+00:00","og_image":[{"url":"https:\/\/acostormbrixx.ca\/wp-content\/uploads\/meeting-the-needs-for-access-300x209.jpg","type":"","width":"","height":""}],"twitter_card":"summary_large_image","twitter_misc":{"Dur\u00e9e de lecture estim\u00e9e":"2 minutes"},"schema":{"@context":"https:\/\/schema.org","@graph":[{"@type":"WebPage","@id":"https:\/\/acostormbrixx.ca\/fr\/acces-maintenance\/","url":"https:\/\/acostormbrixx.ca\/fr\/acces-maintenance\/","name":"Acc\u00e8s et Maintenance - ACO StormBrixx. Surface Stormwater Detention and Infiltration","isPartOf":{"@id":"https:\/\/acostormbrixx.ca\/fr\/#website"},"primaryImageOfPage":{"@id":"https:\/\/acostormbrixx.ca\/fr\/acces-maintenance\/#primaryimage"},"image":{"@id":"https:\/\/acostormbrixx.ca\/fr\/acces-maintenance\/#primaryimage"},"thumbnailUrl":"https:\/\/acostormbrixx.ca\/wp-content\/uploads\/meeting-the-needs-for-access-300x209.jpg","datePublished":"2022-09-23T13:36:36+00:00","dateModified":"2022-09-26T09:49:15+00:00","breadcrumb":{"@id":"https:\/\/acostormbrixx.ca\/fr\/acces-maintenance\/#breadcrumb"},"inLanguage":"fr-FR","potentialAction":[{"@type":"ReadAction","target":["https:\/\/acostormbrixx.ca\/fr\/acces-maintenance\/"]}]},{"@type":"ImageObject","inLanguage":"fr-FR","@id":"https:\/\/acostormbrixx.ca\/fr\/acces-maintenance\/#primaryimage","url":"https:\/\/acostormbrixx.ca\/wp-content\/uploads\/meeting-the-needs-for-access-300x209.jpg","contentUrl":"https:\/\/acostormbrixx.ca\/wp-content\/uploads\/meeting-the-needs-for-access-300x209.jpg"},{"@type":"BreadcrumbList","@id":"https:\/\/acostormbrixx.ca\/fr\/acces-maintenance\/#breadcrumb","itemListElement":[{"@type":"ListItem","position":1,"name":"Home","item":"https:\/\/acostormbrixx.ca\/fr\/"},{"@type":"ListItem","position":2,"name":"Acc\u00e8s et Maintenance"}]},{"@type":"WebSite","@id":"https:\/\/acostormbrixx.ca\/fr\/#website","url":"https:\/\/acostormbrixx.ca\/fr\/","name":"ACO StormBrixx. Surface Stormwater Detention and Infiltration","description":"Surface Stormwater Detention and Infiltration","potentialAction":[{"@type":"SearchAction","target":{"@type":"EntryPoint","urlTemplate":"https:\/\/acostormbrixx.ca\/fr\/?s={search_term_string}"},"query-input":{"@type":"PropertyValueSpecification","valueRequired":true,"valueName":"search_term_string"}}],"inLanguage":"fr-FR"}]}},"_links":{"self":[{"href":"https:\/\/acostormbrixx.ca\/fr\/wp-json\/wp\/v2\/pages\/3568","targetHints":{"allow":["GET"]}}],"collection":[{"href":"https:\/\/acostormbrixx.ca\/fr\/wp-json\/wp\/v2\/pages"}],"about":[{"href":"https:\/\/acostormbrixx.ca\/fr\/wp-json\/wp\/v2\/types\/page"}],"author":[{"embeddable":true,"href":"https:\/\/acostormbrixx.ca\/fr\/wp-json\/wp\/v2\/users\/5"}],"replies":[{"embeddable":true,"href":"https:\/\/acostormbrixx.ca\/fr\/wp-json\/wp\/v2\/comments?post=3568"}],"version-history":[{"count":0,"href":"https:\/\/acostormbrixx.ca\/fr\/wp-json\/wp\/v2\/pages\/3568\/revisions"}],"wp:attachment":[{"href":"https:\/\/acostormbrixx.ca\/fr\/wp-json\/wp\/v2\/media?parent=3568"}],"curies":[{"name":"wp","href":"https:\/\/api.w.org\/{rel}","templated":true}]}}